{"id":16111,"date":"2023-10-04T00:08:26","date_gmt":"2023-10-03T21:08:26","guid":{"rendered":"https:\/\/etkiinsaat.com.tr\/?page_id=16111"},"modified":"2023-10-04T00:09:30","modified_gmt":"2023-10-03T21:09:30","slug":"teknomer-butil-yalitim-bandi","status":"publish","type":"page","link":"https:\/\/etkiinsaat.com.tr\/?page_id=16111","title":{"rendered":"Teknomer Butil Yal\u0131t\u0131m Band\u0131"},"content":{"rendered":"\t\t<div data-elementor-type=\"wp-page\" data-elementor-id=\"16111\" class=\"elementor elementor-16111\">\n\t\t\t\t\t\t<section class=\"elementor-section elementor-top-section elementor-element elementor-element-916c48c elementor-section-boxed elementor-section-height-default elementor-section-height-default\" data-id=\"916c48c\" data-element_type=\"section\" data-e-type=\"section\">\n\t\t\t\t\t\t<div class=\"elementor-container elementor-column-gap-default\">\n\t\t\t\t\t<div class=\"elementor-column elementor-col-33 elementor-top-column elementor-element elementor-element-0eea264\" data-id=\"0eea264\" data-element_type=\"column\" data-e-type=\"column\">\n\t\t\t<div class=\"elementor-widget-wrap elementor-element-populated\">\n\t\t\t\t\t\t<div class=\"elementor-element elementor-element-becb584 elementor-widget elementor-widget-heading\" data-id=\"becb584\" data-element_type=\"widget\" data-e-type=\"widget\" data-widget_type=\"heading.default\">\n\t\t\t\t<div class=\"elementor-widget-container\">\n\t\t\t\t\t<h2 class=\"elementor-heading-title elementor-size-default\">Teknomer Butil Yal\u0131t\u0131m Band\u0131\n<\/h2>\t\t\t\t<\/div>\n\t\t\t\t<\/div>\n\t\t\t\t<div class=\"elementor-element elementor-element-dc5e6ad elementor-widget elementor-widget-image\" data-id=\"dc5e6ad\" data-element_type=\"widget\" data-e-type=\"widget\" data-widget_type=\"image.default\">\n\t\t\t\t<div class=\"elementor-widget-container\">\n\t\t\t\t\t\t\t\t\t\t\t\t\t\t\t<img fetchpriority=\"high\" decoding=\"async\" width=\"300\" height=\"300\" src=\"https:\/\/etkiinsaat.com.tr\/wp-content\/uploads\/2023\/10\/254.jpg\" class=\"attachment-full size-full wp-image-16113\" alt=\"\" srcset=\"https:\/\/etkiinsaat.com.tr\/wp-content\/uploads\/2023\/10\/254.jpg 300w, https:\/\/etkiinsaat.com.tr\/wp-content\/uploads\/2023\/10\/254-150x150.jpg 150w, https:\/\/etkiinsaat.com.tr\/wp-content\/uploads\/2023\/10\/254-201x201.jpg 201w, https:\/\/etkiinsaat.com.tr\/wp-content\/uploads\/2023\/10\/254-285x285.jpg 285w, https:\/\/etkiinsaat.com.tr\/wp-content\/uploads\/2023\/10\/254-100x100.jpg 100w\" sizes=\"(max-width: 300px) 100vw, 300px\" \/>\t\t\t\t\t\t\t\t\t\t\t\t\t\t\t<\/div>\n\t\t\t\t<\/div>\n\t\t\t\t<div class=\"elementor-element elementor-element-30bb02a elementor-widget elementor-widget-text-editor\" data-id=\"30bb02a\" data-element_type=\"widget\" data-e-type=\"widget\" data-widget_type=\"text-editor.default\">\n\t\t\t\t<div class=\"elementor-widget-container\">\n\t\t\t\t\t\t\t\t\t<div style=\"color: #1c1b1b;\"><span style=\"color: #444444; font-family: 'Open Sans', sans-serif;\"><span style=\"font-size: 14px;\"><span style=\"font-weight: bold;\">Teknik D\u00f6k\u00fcmanlar:<\/span><\/span><\/span><\/div><p><a href=\"https:\/\/tur.sika.com\/content\/dam\/dms\/tr01\/g\/sikaseal_crystalsg.pdf\"><span style=\"font-weight: bolder;\">\u00a0 \u00a0 \u00a0<img decoding=\"async\" src=\"http:\/\/etkiinsaat.com.tr\/wp-content\/uploads\/2023\/09\/pdf-300x300.png\" alt=\"\" width=\"31\" height=\"31\" \/><\/span><\/a><a title=\"TDS Teknik Dok\u00fcman Sayfas\u0131\" href=\"https:\/\/teknoyapi.com.tr\/documents\/TDS-teknomer-butil.pdf\" target=\"_blank\" rel=\"noopener\"><span style=\"color: red; font-size: small;\"><span style=\"font-weight: bold;\">TDS Teknik Dok\u00fcman Sayfas\u0131<\/span><\/span>\u00a0<\/a>\u00a0\u00a0<\/p><p>\u00a0<\/p>\t\t\t\t\t\t\t\t<\/div>\n\t\t\t\t<\/div>\n\t\t\t\t\t<\/div>\n\t\t<\/div>\n\t\t\t\t<div class=\"elementor-column elementor-col-66 elementor-top-column elementor-element elementor-element-563d337\" data-id=\"563d337\" data-element_type=\"column\" data-e-type=\"column\">\n\t\t\t<div class=\"elementor-widget-wrap elementor-element-populated\">\n\t\t\t\t\t\t<div class=\"elementor-element elementor-element-e428690 elementor-widget elementor-widget-image\" data-id=\"e428690\" data-element_type=\"widget\" data-e-type=\"widget\" data-widget_type=\"image.default\">\n\t\t\t\t<div class=\"elementor-widget-container\">\n\t\t\t\t\t\t\t\t\t\t\t\t\t\t\t<img decoding=\"async\" width=\"640\" height=\"250\" src=\"https:\/\/etkiinsaat.com.tr\/wp-content\/uploads\/2023\/10\/165-2-1.jpg\" class=\"attachment-full size-full wp-image-15790\" alt=\"\" srcset=\"https:\/\/etkiinsaat.com.tr\/wp-content\/uploads\/2023\/10\/165-2-1.jpg 640w, https:\/\/etkiinsaat.com.tr\/wp-content\/uploads\/2023\/10\/165-2-1-300x117.jpg 300w, https:\/\/etkiinsaat.com.tr\/wp-content\/uploads\/2023\/10\/165-2-1-303x118.jpg 303w, https:\/\/etkiinsaat.com.tr\/wp-content\/uploads\/2023\/10\/165-2-1-606x237.jpg 606w, https:\/\/etkiinsaat.com.tr\/wp-content\/uploads\/2023\/10\/165-2-1-530x207.jpg 530w, https:\/\/etkiinsaat.com.tr\/wp-content\/uploads\/2023\/10\/165-2-1-450x176.jpg 450w, https:\/\/etkiinsaat.com.tr\/wp-content\/uploads\/2023\/10\/165-2-1-500x195.jpg 500w, https:\/\/etkiinsaat.com.tr\/wp-content\/uploads\/2023\/10\/165-2-1-150x59.jpg 150w\" sizes=\"(max-width: 640px) 100vw, 640px\" \/>\t\t\t\t\t\t\t\t\t\t\t\t\t\t\t<\/div>\n\t\t\t\t<\/div>\n\t\t\t\t<div class=\"elementor-element elementor-element-95d3584 elementor-widget elementor-widget-text-editor\" data-id=\"95d3584\" data-element_type=\"widget\" data-e-type=\"widget\" data-widget_type=\"text-editor.default\">\n\t\t\t\t<div class=\"elementor-widget-container\">\n\t\t\t\t\t\t\t\t\t<p><strong style=\"outline: 0px; margin: 0px; padding: 0px; border: 0px; font-size: 14px; vertical-align: baseline; background: 0px 0px; color: #000000; font-family: roboto, Verdana;\">\u00dcr\u00fcn Tan\u0131m\u0131<\/strong><br style=\"outline: none; color: #000000; font-family: roboto, Verdana; font-size: 14px;\" \/><span style=\"color: #000000; font-family: roboto, Verdana; font-size: 14px;\">Koruma ka\u011f\u0131d\u0131 kolayca \u00e7\u0131kar\u0131labilen butil kau\u00e7uk kapl\u0131 ke\u00e7e. Ke\u00e7e, kabartma desenli yap\u0131s\u0131yla seramik yap\u0131\u015ft\u0131r\u0131c\u0131lar\u0131, akrilik ve di\u011fer bir\u00e7ok farkl\u0131 yap\u0131daki yap\u0131\u015ft\u0131r\u0131c\u0131, mastikler ve s\u0131zd\u0131rmazl\u0131k malzemeleri ile \u00e7ok iyi yap\u0131\u015fma sa\u011flar.<\/span><br style=\"outline: none; color: #000000; font-family: roboto, Verdana; font-size: 14px;\" \/><br style=\"outline: none; color: #000000; font-family: roboto, Verdana; font-size: 14px;\" \/><strong style=\"outline: 0px; margin: 0px; padding: 0px; border: 0px; font-size: 14px; vertical-align: baseline; background: 0px 0px; color: #000000; font-family: roboto, Verdana;\">Uygulama Talimatlar\u0131<\/strong><br style=\"outline: none; color: #000000; font-family: roboto, Verdana; font-size: 14px;\" \/><span style=\"color: #000000; font-family: roboto, Verdana; font-size: 14px;\">lslak hacim (banyo, balkon, teras, \u00e7at\u0131 vb.) su yal\u0131t\u0131m uygulamalar\u0131nda, yatay ve d\u00fc\u015fey derz ve pah yal\u0131t\u0131m\u0131nda, du\u015f kanal\u0131 \u00e7evreleri ve gider \u00fcniteleri yal\u0131t\u0131m\u0131nda, pencere k\u00f6r kasa yal\u0131t\u0131m\u0131nda, seramik ve do\u011fal ta\u015f uygulamalar\u0131 \u00f6ncesi kendinden yap\u0131\u015fkanl\u0131 butil kau\u00e7uk kaplamas\u0131 ile kolayl\u0131kla uygulan\u0131r. \u0130\u00e7 mekanlarda orta derecede y\u00fcke maruz kalan bas\u0131n\u00e7s\u0131z suyun bulundu\u011fu durumlarda kullan\u0131m\u0131 uygundur (\u00d6rn. Konut banyolar\u0131).<\/span><br style=\"outline: none; color: #000000; font-family: roboto, Verdana; font-size: 14px;\" \/><br style=\"outline: none; color: #000000; font-family: roboto, Verdana; font-size: 14px;\" \/><strong style=\"outline: 0px; margin: 0px; padding: 0px; border: 0px; font-size: 14px; vertical-align: baseline; background: 0px 0px; color: #000000; font-family: roboto, Verdana;\">Malzeme Bile\u015fimi<\/strong><br style=\"outline: none; color: #000000; font-family: roboto, Verdana; font-size: 14px;\" \/><span style=\"color: #000000; font-family: roboto, Verdana; font-size: 14px;\">Ta\u015f\u0131y\u0131c\u0131: Polipropilen ke\u00e7e.<\/span><br style=\"outline: none; color: #000000; font-family: roboto, Verdana; font-size: 14px;\" \/><span style=\"color: #000000; font-family: roboto, Verdana; font-size: 14px;\">Kaplama: Ya\u015flanmaya dayan\u0131kl\u0131, y\u00fcksek esneklikte kendinden yap\u0131\u015fkanl\u0131 butil kau\u00e7uk.<\/span><br style=\"outline: none; color: #000000; font-family: roboto, Verdana; font-size: 14px;\" \/><span style=\"color: #000000; font-family: roboto, Verdana; font-size: 14px;\">Koruma Katman\u0131: Kolayl\u0131kla ayr\u0131labilen iki par\u00e7al\u0131 silikon ka\u011f\u0131t.<\/span><\/p>\t\t\t\t\t\t\t\t<\/div>\n\t\t\t\t<\/div>\n\t\t\t\t\t<\/div>\n\t\t<\/div>\n\t\t\t\t\t<\/div>\n\t\t<\/section>\n\t\t\t\t<\/div>\n\t\t","protected":false},"excerpt":{"rendered":"<p>Teknomer Butil Yal\u0131t\u0131m Band\u0131 Teknik D\u00f6k\u00fcmanlar: \u00a0 \u00a0 \u00a0TDS Teknik Dok\u00fcman Sayfas\u0131\u00a0\u00a0\u00a0 \u00a0 \u00dcr\u00fcn Tan\u0131m\u0131Koruma ka\u011f\u0131d\u0131 kolayca \u00e7\u0131kar\u0131labilen butil kau\u00e7uk kapl\u0131 ke\u00e7e. Ke\u00e7e, kabartma desenli yap\u0131s\u0131yla seramik yap\u0131\u015ft\u0131r\u0131c\u0131lar\u0131, akrilik ve di\u011fer bir\u00e7ok farkl\u0131 yap\u0131daki yap\u0131\u015ft\u0131r\u0131c\u0131, mastikler ve s\u0131zd\u0131rmazl\u0131k malzemeleri ile \u00e7ok iyi yap\u0131\u015fma sa\u011flar.Uygulama Talimatlar\u0131lslak hacim (banyo, balkon, teras, \u00e7at\u0131 vb.) su yal\u0131t\u0131m uygulamalar\u0131nda, yatay ve d\u00fc\u015fey derz ve pah yal\u0131t\u0131m\u0131nda, du\u015f kanal\u0131 \u00e7evreleri ve gider \u00fcniteleri yal\u0131t\u0131m\u0131nda, pencere k\u00f6r kasa yal\u0131t\u0131m\u0131nda, seramik ve do\u011fal ta\u015f uygulamalar\u0131 \u00f6ncesi kendinden yap\u0131\u015fkanl\u0131 butil kau\u00e7uk kaplamas\u0131 ile kolayl\u0131kla uygulan\u0131r. \u0130\u00e7 mekanlarda orta derecede y\u00fcke maruz kalan bas\u0131n\u00e7s\u0131z suyun bulundu\u011fu durumlarda kullan\u0131m\u0131 uygundur (\u00d6rn. Konut banyolar\u0131).Malzeme Bile\u015fimiTa\u015f\u0131y\u0131c\u0131: Polipropilen ke\u00e7e.Kaplama: Ya\u015flanmaya dayan\u0131kl\u0131, y\u00fcksek esneklikte kendinden yap\u0131\u015fkanl\u0131 butil kau\u00e7uk.Koruma Katman\u0131: Kolayl\u0131kla ayr\u0131labilen iki par\u00e7al\u0131 silikon ka\u011f\u0131t.<\/p>\n","protected":false},"author":3,"featured_media":0,"parent":0,"menu_order":0,"comment_status":"closed","ping_status":"closed","template":"page-full.php","meta":{"_joinchat":[],"footnotes":""},"class_list":["post-16111","page","type-page","status-publish","hentry"],"_links":{"self":[{"href":"https:\/\/etkiinsaat.com.tr\/index.php?rest_route=\/wp\/v2\/pages\/16111","targetHints":{"allow":["GET"]}}],"collection":[{"href":"https:\/\/etkiinsaat.com.tr\/index.php?rest_route=\/wp\/v2\/pages"}],"about":[{"href":"https:\/\/etkiinsaat.com.tr\/index.php?rest_route=\/wp\/v2\/types\/page"}],"author":[{"embeddable":true,"href":"https:\/\/etkiinsaat.com.tr\/index.php?rest_route=\/wp\/v2\/users\/3"}],"replies":[{"embeddable":true,"href":"https:\/\/etkiinsaat.com.tr\/index.php?rest_route=%2Fwp%2Fv2%2Fcomments&post=16111"}],"version-history":[{"count":4,"href":"https:\/\/etkiinsaat.com.tr\/index.php?rest_route=\/wp\/v2\/pages\/16111\/revisions"}],"predecessor-version":[{"id":16116,"href":"https:\/\/etkiinsaat.com.tr\/index.php?rest_route=\/wp\/v2\/pages\/16111\/revisions\/16116"}],"wp:attachment":[{"href":"https:\/\/etkiinsaat.com.tr\/index.php?rest_route=%2Fwp%2Fv2%2Fmedia&parent=16111"}],"curies":[{"name":"wp","href":"https:\/\/api.w.org\/{rel}","templated":true}]}}