{"id":16367,"date":"2023-10-14T15:36:04","date_gmt":"2023-10-14T12:36:04","guid":{"rendered":"https:\/\/etkiinsaat.com.tr\/?page_id=16367"},"modified":"2023-10-14T15:36:53","modified_gmt":"2023-10-14T12:36:53","slug":"teknobond-120-epoksi-esasli-iki-bilesenli-su-bazli-astar","status":"publish","type":"page","link":"https:\/\/etkiinsaat.com.tr\/?page_id=16367","title":{"rendered":"Teknobond 120 Epoksi Esasl\u0131, \u0130ki Bile\u015fenli, Su Bazl\u0131 Astar"},"content":{"rendered":"\t\t<div data-elementor-type=\"wp-page\" data-elementor-id=\"16367\" class=\"elementor elementor-16367\">\n\t\t\t\t\t\t<section class=\"elementor-section elementor-top-section elementor-element elementor-element-ea9f4a0 elementor-section-boxed elementor-section-height-default elementor-section-height-default\" data-id=\"ea9f4a0\" data-element_type=\"section\" data-e-type=\"section\">\n\t\t\t\t\t\t<div class=\"elementor-container elementor-column-gap-default\">\n\t\t\t\t\t<div class=\"elementor-column elementor-col-33 elementor-top-column elementor-element elementor-element-9dffbea\" data-id=\"9dffbea\" data-element_type=\"column\" data-e-type=\"column\">\n\t\t\t<div class=\"elementor-widget-wrap elementor-element-populated\">\n\t\t\t\t\t\t<div class=\"elementor-element elementor-element-df2a115 elementor-widget elementor-widget-heading\" data-id=\"df2a115\" data-element_type=\"widget\" data-e-type=\"widget\" data-widget_type=\"heading.default\">\n\t\t\t\t<div class=\"elementor-widget-container\">\n\t\t\t\t\t<h2 class=\"elementor-heading-title elementor-size-default\">Teknobond 120 Epoksi Esasl\u0131, \u0130ki Bile\u015fenli, Su Bazl\u0131 Astar<\/h2>\t\t\t\t<\/div>\n\t\t\t\t<\/div>\n\t\t\t\t<div class=\"elementor-element elementor-element-119414a elementor-widget elementor-widget-image\" data-id=\"119414a\" data-element_type=\"widget\" data-e-type=\"widget\" data-widget_type=\"image.default\">\n\t\t\t\t<div class=\"elementor-widget-container\">\n\t\t\t\t\t\t\t\t\t\t\t\t\t\t\t<img fetchpriority=\"high\" decoding=\"async\" width=\"250\" height=\"250\" src=\"https:\/\/etkiinsaat.com.tr\/wp-content\/uploads\/2023\/10\/245.jpg\" class=\"attachment-full size-full wp-image-16009\" alt=\"\" srcset=\"https:\/\/etkiinsaat.com.tr\/wp-content\/uploads\/2023\/10\/245.jpg 250w, https:\/\/etkiinsaat.com.tr\/wp-content\/uploads\/2023\/10\/245-150x150.jpg 150w, https:\/\/etkiinsaat.com.tr\/wp-content\/uploads\/2023\/10\/245-201x201.jpg 201w, https:\/\/etkiinsaat.com.tr\/wp-content\/uploads\/2023\/10\/245-100x100.jpg 100w\" sizes=\"(max-width: 250px) 100vw, 250px\" \/>\t\t\t\t\t\t\t\t\t\t\t\t\t\t\t<\/div>\n\t\t\t\t<\/div>\n\t\t\t\t\t<\/div>\n\t\t<\/div>\n\t\t\t\t<div class=\"elementor-column elementor-col-66 elementor-top-column elementor-element elementor-element-4b910f0\" data-id=\"4b910f0\" data-element_type=\"column\" data-e-type=\"column\">\n\t\t\t<div class=\"elementor-widget-wrap elementor-element-populated\">\n\t\t\t\t\t\t<div class=\"elementor-element elementor-element-b3624fd elementor-widget elementor-widget-image\" data-id=\"b3624fd\" data-element_type=\"widget\" data-e-type=\"widget\" data-widget_type=\"image.default\">\n\t\t\t\t<div class=\"elementor-widget-container\">\n\t\t\t\t\t\t\t\t\t\t\t\t\t\t\t<img decoding=\"async\" width=\"640\" height=\"250\" src=\"https:\/\/etkiinsaat.com.tr\/wp-content\/uploads\/2023\/10\/165-2-1.jpg\" class=\"attachment-full size-full wp-image-15790\" alt=\"\" srcset=\"https:\/\/etkiinsaat.com.tr\/wp-content\/uploads\/2023\/10\/165-2-1.jpg 640w, https:\/\/etkiinsaat.com.tr\/wp-content\/uploads\/2023\/10\/165-2-1-300x117.jpg 300w, https:\/\/etkiinsaat.com.tr\/wp-content\/uploads\/2023\/10\/165-2-1-303x118.jpg 303w, https:\/\/etkiinsaat.com.tr\/wp-content\/uploads\/2023\/10\/165-2-1-606x237.jpg 606w, https:\/\/etkiinsaat.com.tr\/wp-content\/uploads\/2023\/10\/165-2-1-530x207.jpg 530w, https:\/\/etkiinsaat.com.tr\/wp-content\/uploads\/2023\/10\/165-2-1-450x176.jpg 450w, https:\/\/etkiinsaat.com.tr\/wp-content\/uploads\/2023\/10\/165-2-1-500x195.jpg 500w, https:\/\/etkiinsaat.com.tr\/wp-content\/uploads\/2023\/10\/165-2-1-150x59.jpg 150w\" sizes=\"(max-width: 640px) 100vw, 640px\" \/>\t\t\t\t\t\t\t\t\t\t\t\t\t\t\t<\/div>\n\t\t\t\t<\/div>\n\t\t\t\t<div class=\"elementor-element elementor-element-9d5302c elementor-widget elementor-widget-text-editor\" data-id=\"9d5302c\" data-element_type=\"widget\" data-e-type=\"widget\" data-widget_type=\"text-editor.default\">\n\t\t\t\t<div class=\"elementor-widget-container\">\n\t\t\t\t\t\t\t\t\t<p style=\"margin-right: 0px; margin-bottom: 10px; margin-left: 0px; line-height: 24px; color: #444444; font-family: 'Open Sans', sans-serif; font-size: 14px;\"><strong style=\"outline: 0px; margin: 0px; padding: 0px; border: 0px; vertical-align: baseline; background: 0px 0px; color: #000000; font-family: roboto, Verdana;\">\u00dcr\u00fcn Tan\u0131m\u0131<\/strong><br style=\"outline: none; color: #000000; font-family: roboto, Verdana;\" \/><span style=\"color: #000000; font-family: roboto, Verdana;\">Solventsiz, su bazl\u0131 epoksi re\u00e7ine esasl\u0131 iki bile\u015fenli astard\u0131r.\u00a0<\/span><br style=\"outline: none; color: #000000; font-family: roboto, Verdana;\" \/><br style=\"outline: none; color: #000000; font-family: roboto, Verdana;\" \/><strong style=\"outline: 0px; margin: 0px; padding: 0px; border: 0px; vertical-align: baseline; background: 0px 0px; color: #000000; font-family: roboto, Verdana;\">Kullan\u0131m Alanlar\u0131\u00a0<\/strong><\/p><div style=\"outline: 0px; margin: 0px; padding: 0px; border: 0px; font-size: 14px; vertical-align: baseline; background: 0px 0px; color: #000000; font-family: roboto, Verdana;\">\u2022 \u0130\u00e7 ve d\u0131\u015f mekanlarda beton y\u00fczeylerde uygulanabilir.<br style=\"outline: none;\" \/>\u2022 Kimyevi \u00fcr\u00fcnlerin \u00fcretildi\u011fi fabrikalarda veya kimyasallara maruz kalan mekanlarda kullan\u0131labilir.<br style=\"outline: none;\" \/>\u2022 G\u0131da fabrikalar\u0131nda. Granit, fayans gibi parlak y\u00fczeylerde, duvar, tavan ve d\u00f6\u015femeler i\u00e7in de uygundur.<br style=\"outline: none;\" \/>\u2022 Nemli veya y\u00fckselen nemin oldu\u011fu y\u00fczeylerde astar olarak kullan\u0131l\u0131r.<br style=\"outline: none;\" \/><br style=\"outline: none;\" \/><strong style=\"outline: 0px; margin: 0px; padding: 0px; border: 0px; vertical-align: baseline; background: 0px 0px;\">\u00d6zellikleri ve Avantajlar\u0131<\/strong><br style=\"outline: none;\" \/>\u2022 Kolay ve h\u0131zl\u0131 uygulama.<br style=\"outline: none;\" \/>\u2022 \u00d6zellikle \u00e7ok emici y\u00fczeyler i\u00e7in uygundur.<br style=\"outline: none;\" \/>\u2022 Su bazl\u0131 ve kokusuzdur.<br style=\"outline: none;\" \/>\u2022 Havaland\u0131rmas\u0131 olmayan yerlerde kullan\u0131labilir.<br style=\"outline: none;\" \/>\u2022 T\u00fcm uygulama s\u0131cakl\u0131klar\u0131nda \u00e7ok iyi yap\u0131\u015fma dayan\u0131m\u0131na sahiptir.<br style=\"outline: none;\" \/>\u2022 \u00c7evre dostudur.<br style=\"outline: none;\" \/>\u2022 Su buhar\u0131 ge\u00e7irgenli\u011fi vard\u0131r<br style=\"outline: none;\" \/>\u2022 \u0130\u00e7me suyuna uygundur.<br style=\"outline: none;\" \/><br style=\"outline: none;\" \/><strong style=\"outline: 0px; margin: 0px; padding: 0px; border: 0px; vertical-align: baseline; background: 0px 0px;\">Uygulama Talimatlar\u0131\u00a0<br style=\"outline: none;\" \/><\/strong>Beton y\u00fczey temiz, sa\u011flam ve yeterli bas\u0131n\u00e7 dayan\u0131m\u0131na sahip (minimum 25 N\/mm2 ), minimum \u00e7ekme dayan\u0131m\u0131 (pull of!) 1,5 N\/mm2 olmal\u0131d\u0131r. Y\u00fczey rutubetli olabilir ama serbest su olmamal\u0131d\u0131r (y\u00fczeyde birikme olmamal\u0131) ve kir, ya\u011f, kaplama, y\u00fczey k\u00fcr malzemeleri gibi yabanc\u0131 maddelerden ar\u0131nd\u0131r\u0131lm\u0131\u015f olmal\u0131d\u0131r. Beton y\u00fczeyler a\u015f\u0131nd\u0131r\u0131c\u0131 ekipmanlar kullan\u0131larak \u00e7imento \u015ferbetini kald\u0131rarak a\u00e7\u0131k g\u00f6zenekli bir y\u00fczey elde edecek \u015fekilde haz\u0131rlanmal\u0131d\u0131r. Zay\u0131f beton uzakla\u015ft\u0131r\u0131lmal\u0131, ku\u015fg\u00f6z\u00fc bo\u015fluklar, delikler tamamen a\u00e7\u0131k hale getirilmelidir.Y\u00fczey tamirleri, ku\u015fg\u00f6z\u00fc bo\u015fluklar\u0131n\/deliklerin doldurulmas\u0131 ve y\u00fczeyin d\u00fczeltilmesi TEKNOREP ile yap\u0131lmal\u0131d\u0131r. Y\u00fczeydeki y\u00fcksek yerler a\u015f\u0131nd\u0131rarak, z\u0131mparalanarak temizlenmelidir. T\u00fcm toz, gev\u015fek ve oynak par\u00e7ac\u0131klar \u00fcr\u00fcn\u00fcn uygulamas\u0131ndan \u00f6nce f\u0131r\u00e7a ve\/veya elektrikli s\u00fcp\u00fcrge ile y\u00fczeyden uzakla\u015ft\u0131r\u0131lmal\u0131d\u0131r.<br style=\"outline: none;\" \/><br style=\"outline: none;\" \/>A bile\u015feni iyice kar\u0131\u015ft\u0131r\u0131ld\u0131ktan sonra B bile\u015feni ilave edilerek homojen bir kar\u0131\u015f\u0131m elde edilinceye kadar 2-3 dakika d\u00fc\u015f\u00fck devirli bir matkap ile kar\u0131\u015ft\u0131r\u0131l\u0131r. Kar\u0131\u015f\u0131m \u00d6mr\u00fc m\u00fcddetince uygulanabilecek miktardan fazla malzeme haz\u0131rlanmamal\u0131d\u0131r.<br style=\"outline: none;\" \/><br style=\"outline: none;\" \/>TEKNOBOND 120 k\u00fcr\u00fcn\u00fc tamamlamadan \u00f6nce \u00fczerine su gelmesine, yaya trafi\u011fe a\u00e7\u0131lmas\u0131na izin verilmemelidir. Trafi\u011fe a\u00e7\u0131lma s\u00fcresi min. 24 saattir.<br style=\"outline: none;\" \/>D\u00fc\u015f\u00fck devirli kar\u0131\u015ft\u0131r\u0131c\u0131 ile yap\u0131lmal\u0131d\u0131r. El ile kar\u0131\u015f\u0131m yapmaktan ka\u00e7\u0131n\u0131lmal\u0131d\u0131r. Daha k\u00fc\u00e7\u00fck uygulamalar i\u00e7in re\u00e7ine ve sertle\u015ftirici, ayn\u0131 oranlarda, hassas bir terazide tart\u0131ld\u0131ktan sonra kar\u0131\u015ft\u0131r\u0131larak uygulanabilir.<br style=\"outline: none;\" \/><br style=\"outline: none;\" \/><strong style=\"outline: 0px; margin: 0px; padding: 0px; border: 0px; vertical-align: baseline; background: 0px 0px;\">Uygulama Notlar\u0131 \/ S\u0131n\u0131rlamalar\u00a0<\/strong><br style=\"outline: none;\" \/>\u2022 \u00dcr\u00fcn ciltte tahri\u015f yapabilir. Koruyucu eldiven veya g\u00f6zl\u00fck kullan\u0131lmal\u0131d\u0131r. \u0130\u015fe ba\u015flamadan \u00f6nce ele koruyucu krem de s\u00fcr\u00fclebilir.<br style=\"outline: none;\" \/>\u2022 G\u00f6zle temas\u0131 halinde g\u00f6zler derhal \u0131l\u0131k su ile y\u0131kanmal\u0131 ve doktora ba\u015fvurulmal\u0131d\u0131r.<br style=\"outline: none;\" \/>\u2022 Uygulamadan hemen sonra, hen\u00fcz sertle\u015fmeden, ekipmanlar su ile temizlenmelidir.<br style=\"outline: none;\" \/>\u2022 Uygulamadan sonra direk g\u00fcne\u015f \u0131\u015f\u0131\u011f\u0131, \u015fiddetli r\u00fczgar, y\u00fcksek hava s\u0131cakl\u0131\u011f\u0131 (+35\u00b0C \u00fczeri), ya\u011fmur ve don gibi olumsuz hava ko\u015fullar\u0131na kar\u015f\u0131 korunmal\u0131d\u0131r.<br style=\"outline: none;\" \/>\u2022 Uygulamadan k\u0131sa s\u00fcre sonra reaksiyon bitip sertle\u015fme tamamlanaca\u011f\u0131 i\u00e7in, cilde temas eden yerler su ve deterjan ile temizlenmelidir.<br style=\"outline: none;\" \/>\u2022 Katlar aras\u0131 bekleme s\u00fcresi a\u015f\u0131ld\u0131\u011f\u0131 takdirde iyi bir yap\u0131\u015fma i\u00e7in y\u00fczey z\u0131mpara ile p\u00fcr\u00fczlendirilmelidir.<\/div><div style=\"color: #444444; font-family: 'Open Sans', sans-serif; font-size: 14px;\"><div>\u00a0<\/div><\/div><div><div><span style=\"color: #444444; font-family: 'Open Sans', sans-serif;\"><span style=\"font-size: 14px;\"><span style=\"font-weight: bold;\">Teknik D\u00f6k\u00fcmanlar:<\/span><\/span><\/span><\/div><p><a href=\"https:\/\/tur.sika.com\/content\/dam\/dms\/tr01\/g\/sikaseal_crystalsg.pdf\"><span style=\"font-weight: bolder;\">\u00a0 \u00a0 \u00a0<img decoding=\"async\" src=\"http:\/\/etkiinsaat.com.tr\/wp-content\/uploads\/2023\/09\/pdf-300x300.png\" alt=\"\" width=\"31\" height=\"31\" \/><\/span><\/a><a title=\"TDS Teknik Dok\u00fcman Sayfas\u0131\" href=\"https:\/\/teknoyapi.com.tr\/documents\/TDS-teknobond-120.pdf\" target=\"_blank\" rel=\"noopener\"><span style=\"color: red; font-size: small;\"><b>TDS Teknik Dok\u00fcman Sayfas\u0131<\/b><\/span>\u00a0<\/a>\u00a0\u00a0<\/p><p>\u00a0<\/p><\/div>\t\t\t\t\t\t\t\t<\/div>\n\t\t\t\t<\/div>\n\t\t\t\t\t<\/div>\n\t\t<\/div>\n\t\t\t\t\t<\/div>\n\t\t<\/section>\n\t\t\t\t<\/div>\n\t\t","protected":false},"excerpt":{"rendered":"<p>Teknobond 120 Epoksi Esasl\u0131, \u0130ki Bile\u015fenli, Su Bazl\u0131 Astar \u00dcr\u00fcn Tan\u0131m\u0131Solventsiz, su bazl\u0131 epoksi re\u00e7ine esasl\u0131 iki bile\u015fenli astard\u0131r.\u00a0Kullan\u0131m Alanlar\u0131\u00a0 \u2022 \u0130\u00e7 ve d\u0131\u015f mekanlarda beton y\u00fczeylerde uygulanabilir.\u2022 Kimyevi \u00fcr\u00fcnlerin \u00fcretildi\u011fi fabrikalarda veya kimyasallara maruz kalan mekanlarda kullan\u0131labilir.\u2022 G\u0131da fabrikalar\u0131nda. Granit, fayans gibi parlak y\u00fczeylerde, duvar, tavan ve d\u00f6\u015femeler i\u00e7in de uygundur.\u2022 Nemli veya y\u00fckselen nemin oldu\u011fu y\u00fczeylerde astar olarak kullan\u0131l\u0131r.\u00d6zellikleri ve Avantajlar\u0131\u2022 Kolay ve h\u0131zl\u0131 uygulama.\u2022 \u00d6zellikle \u00e7ok emici y\u00fczeyler i\u00e7in uygundur.\u2022 Su bazl\u0131 ve kokusuzdur.\u2022 Havaland\u0131rmas\u0131 olmayan yerlerde kullan\u0131labilir.\u2022 T\u00fcm uygulama s\u0131cakl\u0131klar\u0131nda \u00e7ok iyi yap\u0131\u015fma dayan\u0131m\u0131na sahiptir.\u2022 \u00c7evre dostudur.\u2022 Su buhar\u0131 ge\u00e7irgenli\u011fi vard\u0131r\u2022 \u0130\u00e7me suyuna uygundur.Uygulama Talimatlar\u0131\u00a0Beton y\u00fczey temiz, sa\u011flam ve yeterli bas\u0131n\u00e7 dayan\u0131m\u0131na sahip (minimum 25 N\/mm2 ), minimum \u00e7ekme dayan\u0131m\u0131 (pull of!) 1,5 N\/mm2 olmal\u0131d\u0131r. Y\u00fczey rutubetli olabilir ama serbest su olmamal\u0131d\u0131r (y\u00fczeyde birikme olmamal\u0131) ve kir, ya\u011f, kaplama, y\u00fczey k\u00fcr malzemeleri gibi yabanc\u0131 maddelerden ar\u0131nd\u0131r\u0131lm\u0131\u015f olmal\u0131d\u0131r. Beton y\u00fczeyler a\u015f\u0131nd\u0131r\u0131c\u0131 ekipmanlar kullan\u0131larak \u00e7imento \u015ferbetini kald\u0131rarak a\u00e7\u0131k [&hellip;]<\/p>\n","protected":false},"author":3,"featured_media":0,"parent":0,"menu_order":0,"comment_status":"closed","ping_status":"closed","template":"page-full.php","meta":{"_joinchat":[],"footnotes":""},"class_list":["post-16367","page","type-page","status-publish","hentry"],"_links":{"self":[{"href":"https:\/\/etkiinsaat.com.tr\/index.php?rest_route=\/wp\/v2\/pages\/16367","targetHints":{"allow":["GET"]}}],"collection":[{"href":"https:\/\/etkiinsaat.com.tr\/index.php?rest_route=\/wp\/v2\/pages"}],"about":[{"href":"https:\/\/etkiinsaat.com.tr\/index.php?rest_route=\/wp\/v2\/types\/page"}],"author":[{"embeddable":true,"href":"https:\/\/etkiinsaat.com.tr\/index.php?rest_route=\/wp\/v2\/users\/3"}],"replies":[{"embeddable":true,"href":"https:\/\/etkiinsaat.com.tr\/index.php?rest_route=%2Fwp%2Fv2%2Fcomments&post=16367"}],"version-history":[{"count":4,"href":"https:\/\/etkiinsaat.com.tr\/index.php?rest_route=\/wp\/v2\/pages\/16367\/revisions"}],"predecessor-version":[{"id":16371,"href":"https:\/\/etkiinsaat.com.tr\/index.php?rest_route=\/wp\/v2\/pages\/16367\/revisions\/16371"}],"wp:attachment":[{"href":"https:\/\/etkiinsaat.com.tr\/index.php?rest_route=%2Fwp%2Fv2%2Fmedia&parent=16367"}],"curies":[{"name":"wp","href":"https:\/\/api.w.org\/{rel}","templated":true}]}}