{"id":16406,"date":"2023-10-14T16:49:13","date_gmt":"2023-10-14T13:49:13","guid":{"rendered":"https:\/\/etkiinsaat.com.tr\/?page_id=16406"},"modified":"2023-10-14T16:50:38","modified_gmt":"2023-10-14T13:50:38","slug":"teknobond-500-epoksi-zemin-kaplama","status":"publish","type":"page","link":"https:\/\/etkiinsaat.com.tr\/?page_id=16406","title":{"rendered":"Teknobond 500 Epoksi Zemin Kaplama"},"content":{"rendered":"\t\t<div data-elementor-type=\"wp-page\" data-elementor-id=\"16406\" class=\"elementor elementor-16406\">\n\t\t\t\t\t\t<section class=\"elementor-section elementor-top-section elementor-element elementor-element-94e7fe8 elementor-section-boxed elementor-section-height-default elementor-section-height-default\" data-id=\"94e7fe8\" data-element_type=\"section\" data-e-type=\"section\">\n\t\t\t\t\t\t<div class=\"elementor-container elementor-column-gap-default\">\n\t\t\t\t\t<div class=\"elementor-column elementor-col-33 elementor-top-column elementor-element elementor-element-4d478de\" data-id=\"4d478de\" data-element_type=\"column\" data-e-type=\"column\">\n\t\t\t<div class=\"elementor-widget-wrap elementor-element-populated\">\n\t\t\t\t\t\t<div class=\"elementor-element elementor-element-52eeb91 elementor-widget elementor-widget-heading\" data-id=\"52eeb91\" data-element_type=\"widget\" data-e-type=\"widget\" data-widget_type=\"heading.default\">\n\t\t\t\t<div class=\"elementor-widget-container\">\n\t\t\t\t\t<h2 class=\"elementor-heading-title elementor-size-default\">Teknobond 500 Epoksi Zemin Kaplama<\/h2>\t\t\t\t<\/div>\n\t\t\t\t<\/div>\n\t\t\t\t<div class=\"elementor-element elementor-element-2ff6886 elementor-widget elementor-widget-image\" data-id=\"2ff6886\" data-element_type=\"widget\" data-e-type=\"widget\" data-widget_type=\"image.default\">\n\t\t\t\t<div class=\"elementor-widget-container\">\n\t\t\t\t\t\t\t\t\t\t\t\t\t\t\t<img fetchpriority=\"high\" decoding=\"async\" width=\"250\" height=\"250\" src=\"https:\/\/etkiinsaat.com.tr\/wp-content\/uploads\/2023\/10\/245.jpg\" class=\"attachment-full size-full wp-image-16009\" alt=\"\" srcset=\"https:\/\/etkiinsaat.com.tr\/wp-content\/uploads\/2023\/10\/245.jpg 250w, https:\/\/etkiinsaat.com.tr\/wp-content\/uploads\/2023\/10\/245-150x150.jpg 150w, https:\/\/etkiinsaat.com.tr\/wp-content\/uploads\/2023\/10\/245-201x201.jpg 201w, https:\/\/etkiinsaat.com.tr\/wp-content\/uploads\/2023\/10\/245-100x100.jpg 100w\" sizes=\"(max-width: 250px) 100vw, 250px\" \/>\t\t\t\t\t\t\t\t\t\t\t\t\t\t\t<\/div>\n\t\t\t\t<\/div>\n\t\t\t\t\t<\/div>\n\t\t<\/div>\n\t\t\t\t<div class=\"elementor-column elementor-col-66 elementor-top-column elementor-element elementor-element-c9a4f76\" data-id=\"c9a4f76\" data-element_type=\"column\" data-e-type=\"column\">\n\t\t\t<div class=\"elementor-widget-wrap elementor-element-populated\">\n\t\t\t\t\t\t<div class=\"elementor-element elementor-element-2ce5dd9 elementor-widget elementor-widget-image\" data-id=\"2ce5dd9\" data-element_type=\"widget\" data-e-type=\"widget\" data-widget_type=\"image.default\">\n\t\t\t\t<div class=\"elementor-widget-container\">\n\t\t\t\t\t\t\t\t\t\t\t\t\t\t\t<img decoding=\"async\" width=\"1280\" height=\"500\" src=\"https:\/\/etkiinsaat.com.tr\/wp-content\/uploads\/2023\/10\/teknobond_500.jpg\" class=\"attachment-full size-full wp-image-16408\" alt=\"\" srcset=\"https:\/\/etkiinsaat.com.tr\/wp-content\/uploads\/2023\/10\/teknobond_500.jpg 1280w, https:\/\/etkiinsaat.com.tr\/wp-content\/uploads\/2023\/10\/teknobond_500-300x117.jpg 300w, https:\/\/etkiinsaat.com.tr\/wp-content\/uploads\/2023\/10\/teknobond_500-1024x400.jpg 1024w, https:\/\/etkiinsaat.com.tr\/wp-content\/uploads\/2023\/10\/teknobond_500-768x300.jpg 768w, https:\/\/etkiinsaat.com.tr\/wp-content\/uploads\/2023\/10\/teknobond_500-830x324.jpg 830w, https:\/\/etkiinsaat.com.tr\/wp-content\/uploads\/2023\/10\/teknobond_500-303x118.jpg 303w, https:\/\/etkiinsaat.com.tr\/wp-content\/uploads\/2023\/10\/teknobond_500-606x237.jpg 606w, https:\/\/etkiinsaat.com.tr\/wp-content\/uploads\/2023\/10\/teknobond_500-530x207.jpg 530w, https:\/\/etkiinsaat.com.tr\/wp-content\/uploads\/2023\/10\/teknobond_500-450x176.jpg 450w, https:\/\/etkiinsaat.com.tr\/wp-content\/uploads\/2023\/10\/teknobond_500-500x195.jpg 500w, https:\/\/etkiinsaat.com.tr\/wp-content\/uploads\/2023\/10\/teknobond_500-150x59.jpg 150w\" sizes=\"(max-width: 1280px) 100vw, 1280px\" \/>\t\t\t\t\t\t\t\t\t\t\t\t\t\t\t<\/div>\n\t\t\t\t<\/div>\n\t\t\t\t<div class=\"elementor-element elementor-element-68041f1 elementor-widget elementor-widget-text-editor\" data-id=\"68041f1\" data-element_type=\"widget\" data-e-type=\"widget\" data-widget_type=\"text-editor.default\">\n\t\t\t\t<div class=\"elementor-widget-container\">\n\t\t\t\t\t\t\t\t\t<p style=\"margin-right: 0px; margin-bottom: 10px; margin-left: 0px; line-height: 24px; color: #444444; font-family: 'Open Sans', sans-serif; font-size: 14px;\"><strong style=\"outline: 0px; margin: 0px; padding: 0px; border: 0px; vertical-align: baseline; background: 0px 0px; color: #000000; font-family: roboto, Verdana;\">\u00dcr\u00fcn Tan\u0131m\u0131<\/strong><br style=\"outline: none; color: #000000; font-family: roboto, Verdana;\" \/><span style=\"color: #000000; font-family: roboto, Verdana;\">Teknobond 500, iki bile\u015fenli, epoksi re\u00e7ine esasl\u0131, kendili\u011finden yay\u0131lan self levelling kaplama.\u00a0\u00a0\u00a0\u00a0\u00a0\u00a0\u00a0\u00a0\u00a0\u00a0\u00a0\u00a0\u00a0\u00a0\u00a0\u00a0\u00a0\u00a0\u00a0\u00a0<\/span><br style=\"outline: none; color: #000000; font-family: roboto, Verdana;\" \/><br style=\"outline: none; color: #000000; font-family: roboto, Verdana;\" \/><strong style=\"outline: 0px; margin: 0px; padding: 0px; border: 0px; vertical-align: baseline; background: 0px 0px; color: #000000; font-family: roboto, Verdana;\">Kullan\u0131m Alanlar\u0131<\/strong><br style=\"outline: none; color: #000000; font-family: roboto, Verdana;\" \/><span style=\"color: #000000; font-family: roboto, Verdana;\">\u2022 Depolama ve montaj alanlar\u0131,<\/span><br style=\"outline: none; color: #000000; font-family: roboto, Verdana;\" \/><span style=\"color: #000000; font-family: roboto, Verdana;\">\u2022 Bak\u0131m at\u00f6lyeleri, garajlar ve y\u00fckleme rampalar\u0131 vb. gibi normal-orta a\u011f\u0131r y\u00fcke maruz beton ve \u00e7imento har\u00e7l\u0131 y\u00fczeyler i\u00e7in kendili\u011finden d\u00fczle\u015fen sistemler,<\/span><br style=\"outline: none; color: #000000; font-family: roboto, Verdana;\" \/><span style=\"color: #000000; font-family: roboto, Verdana;\">\u2022 \u00c7ok katl\u0131 ve yeralt\u0131 otoparklar\u0131,<\/span><br style=\"outline: none; color: #000000; font-family: roboto, Verdana;\" \/><span style=\"color: #000000; font-family: roboto, Verdana;\">\u2022 Bak\u0131m hangarlar\u0131, i\u00e7ecek ve g\u0131da end\u00fcstrisindeki \u0131slak i\u015flem alanlar\u0131 i\u00e7in kumla k\u00f6reltilmi\u015f sistemler \u00f6nerilmektedir.<\/span><br style=\"outline: none; color: #000000; font-family: roboto, Verdana;\" \/><span style=\"color: #000000; font-family: roboto, Verdana;\">\u00a0<\/span><br style=\"outline: none; color: #000000; font-family: roboto, Verdana;\" \/><strong style=\"outline: 0px; margin: 0px; padding: 0px; border: 0px; vertical-align: baseline; background: 0px 0px; color: #000000; font-family: roboto, Verdana;\">\u00d6zellikleri ve Avantajlar\u0131<\/strong><br style=\"outline: none; color: #000000; font-family: roboto, Verdana;\" \/><span style=\"color: #000000; font-family: roboto, Verdana;\">\u2022 \u0130\u00e7erisine y\u00fcksek oranda dolgu girebilir.<\/span><br style=\"outline: none; color: #000000; font-family: roboto, Verdana;\" \/><span style=\"color: #000000; font-family: roboto, Verdana;\">\u2022 \u0130yi kimyasal ve mekanik dayan\u0131ml\u0131d\u0131r.<\/span><br style=\"outline: none; color: #000000; font-family: roboto, Verdana;\" \/><span style=\"color: #000000; font-family: roboto, Verdana;\">\u2022 Kolay uygulan\u0131r, \u00c7\u00f6z\u00fcc\u00fc gerektirmez.<\/span><br style=\"outline: none; color: #000000; font-family: roboto, Verdana;\" \/><span style=\"color: #000000; font-family: roboto, Verdana;\">\u2022 Ekonomiktir.<\/span><br style=\"outline: none; color: #000000; font-family: roboto, Verdana;\" \/><span style=\"color: #000000; font-family: roboto, Verdana;\">\u2022 S\u0131v\u0131 ge\u00e7irimsizdir.<\/span><br style=\"outline: none; color: #000000; font-family: roboto, Verdana;\" \/><span style=\"color: #000000; font-family: roboto, Verdana;\">\u2022 Parlak y\u00fczey biti\u015flidir.<\/span><br style=\"outline: none; color: #000000; font-family: roboto, Verdana;\" \/><span style=\"color: #000000; font-family: roboto, Verdana;\">\u2022 Kayd\u0131rmaz y\u00fczey elde edilebilir.<\/span><br style=\"outline: none; color: #000000; font-family: roboto, Verdana;\" \/><span style=\"color: #000000; font-family: roboto, Verdana;\">\u00a0<\/span><br style=\"outline: none; color: #000000; font-family: roboto, Verdana;\" \/><strong style=\"outline: 0px; margin: 0px; padding: 0px; border: 0px; vertical-align: baseline; background: 0px 0px; color: #000000; font-family: roboto, Verdana;\">Uygulama Talimatlar\u0131<\/strong><br style=\"outline: none; color: #000000; font-family: roboto, Verdana;\" \/><span style=\"color: #000000; font-family: roboto, Verdana;\">Y\u00fczey Kalitesi: Uygulama y\u00fczeyi her t\u00fcrl\u00fc toz, kir, zay\u0131f ve oynak par\u00e7ac\u0131klardan, \u00e7imento \u015ferbeti kal\u0131nt\u0131lar\u0131ndan, ya\u011f ve gresten ar\u0131nd\u0131r\u0131lm\u0131\u015f ve kuru olmal\u0131d\u0131r. Beton alt y\u00fczey temiz, sa\u011flam ve yeterli bas\u0131n\u00e7 dayan\u0131m\u0131na sahip (en az 25 N\/mm\u00b2), \u00e7ekme dayan\u0131m\u0131 (pull-off) en az 1.5 N\/mm\u00b2 olmal\u0131d\u0131r.<\/span><br style=\"outline: none; color: #000000; font-family: roboto, Verdana;\" \/><br style=\"outline: none; color: #000000; font-family: roboto, Verdana;\" \/><span style=\"color: #000000; font-family: roboto, Verdana;\">Y\u00fczey Haz\u0131rl\u0131\u011f\u0131: Uygulama y\u00fczeyi, en fazla yap\u0131\u015fma dayan\u0131m\u0131n\u0131 sa\u011flamak amac\u0131yla uygun y\u00f6ntemler kullan\u0131larak temizlenmi\u015f olmal\u0131.<\/span><br style=\"outline: none; color: #000000; font-family: roboto, Verdana;\" \/><br style=\"outline: none; color: #000000; font-family: roboto, Verdana;\" \/><span style=\"color: #000000; font-family: roboto, Verdana;\">Kar\u0131\u015ft\u0131rma: B bile\u015feni A bile\u015fenine eklendikten sonra d\u00fc\u015f\u00fck h\u0131zl\u0131, elektrikli bir kar\u0131\u015ft\u0131r\u0131c\u0131 (en fazla 400 dev\/dk) ile homojen bir renk elde edene kadar 2 &#8211; 3 dakika kar\u0131\u015ft\u0131r\u0131n\u0131z.<\/span><br style=\"outline: none; color: #000000; font-family: roboto, Verdana;\" \/><br style=\"outline: none; color: #000000; font-family: roboto, Verdana;\" \/><strong style=\"outline: 0px; margin: 0px; padding: 0px; border: 0px; vertical-align: baseline; background: 0px 0px; color: #000000; font-family: roboto, Verdana;\">Uygulama Notlar\u0131 \/ S\u0131n\u0131rlamalar<\/strong><br style=\"outline: none; color: #000000; font-family: roboto, Verdana;\" \/><span style=\"color: #000000; font-family: roboto, Verdana;\">\u2022 Teknobond 500, s\u00fcrekli, g\u00f6zeneksiz bir kat\u0131n y\u00fczeyi kaplad\u0131\u011f\u0131na emin olunuz. Gerekirse iki kat Teknobond 300 astar uygulamas\u0131 yap\u0131n\u0131z. Teknobond 500 tarakl\u0131 mala ile uygulan\u0131r.<\/span><br style=\"outline: none; color: #000000; font-family: roboto, Verdana;\" \/><span style=\"color: #000000; font-family: roboto, Verdana;\">\u2022 Malzemenin sertle\u015fmesini tamamlamas\u0131 i\u00e7in, izin verilen minimum s\u0131cakl\u0131\u011f\u0131n alt\u0131nda kullanmay\u0131n\u0131z. D\u00fc\u015f\u00fck s\u0131cakl\u0131klar sertle\u015fmeyi yava\u015flatacak, y\u00fcksek s\u0131cakl\u0131klar ise sertle\u015fmeyi h\u0131zland\u0131racakt\u0131r. Pota \u00f6mr\u00fc de s\u0131cakl\u0131klara ba\u011fl\u0131 olarak de\u011fi\u015fecektir.<\/span><br style=\"outline: none; color: #000000; font-family: roboto, Verdana;\" \/><span style=\"color: #000000; font-family: roboto, Verdana;\">\u2022 \u00dcr\u00fcn ciltte tahri\u015f yapabilir. Koruyucu eldiven veya g\u00f6zl\u00fck kullan\u0131lmal\u0131d\u0131r. \u0130\u015fe ba\u015flamadan \u00f6nce ellere koruyucu krem s\u00fcr\u00fclebilir. Harc\u0131n g\u00f6zle temas\u0131 halinde g\u00f6zler derhal \u0131l\u0131k su ile y\u0131kanmal\u0131 ve doktora ba\u015fvurmal\u0131d\u0131r.<\/span><br style=\"outline: none; color: #000000; font-family: roboto, Verdana;\" \/><span style=\"color: #000000; font-family: roboto, Verdana;\">\u2022 0\u00b0C &#8216;nin alt\u0131nda uzun s\u00fcre kal\u0131rsa \u00fcr\u00fcnde kristallenme g\u00f6zlemlenebilir. \u00dcr\u00fcn tekrar oda s\u0131cakl\u0131\u011f\u0131na getirilerek kristalleri \u00e7\u00f6z\u00fcl\u00fcrse herhangi bir problem olmadan kullan\u0131labilir.<\/span><br style=\"outline: none; color: #000000; font-family: roboto, Verdana;\" \/><span style=\"color: #000000; font-family: roboto, Verdana;\">\u2022 Do\u011frudan g\u00fcne\u015f \u0131\u015f\u0131nlar\u0131na (UV) ba\u011fl\u0131 olarak sertle\u015fen \u00fcr\u00fcnde renk kay\u0131plar\u0131, sararma olabilir.<\/span><br style=\"outline: none; color: #000000; font-family: roboto, Verdana;\" \/><span style=\"color: #000000; font-family: roboto, Verdana;\">\u2022 Uygulamadan sonra direk g\u00fcne\u015f \u0131\u015f\u0131\u011f\u0131, \u015fiddetli r\u00fczg\u00e2r, y\u00fcksek hava s\u0131cakl\u0131\u011f\u0131 (+35\u00b0C \u00fczeri), ya\u011fmur ve don gibi olumsuz hava ko\u015fullar\u0131na kar\u015f\u0131 korunmal\u0131d\u0131r. Uygulamadan k\u0131sa s\u00fcre sonra reaksiyon bitip sertle\u015fme tamamlanaca\u011f\u0131 i\u00e7in, cilde temas eden yerler su ve deterjan ile temizlenmelidir.<\/span><br style=\"outline: none; color: #000000; font-family: roboto, Verdana;\" \/><span style=\"color: #000000; font-family: roboto, Verdana;\">\u2022 Uygulamadan hemen sonra, hen\u00fcz sertle\u015fmeden, ekipmanlar TEKNOT\u0130NER ile temizlenmelidir.<\/span><\/p><div style=\"color: #444444; font-family: 'Open Sans', sans-serif; font-size: 14px;\"><div>\u00a0<\/div><\/div><div><div><span style=\"color: #444444; font-family: 'Open Sans', sans-serif;\"><span style=\"font-size: 14px;\"><span style=\"font-weight: bold;\">Teknik D\u00f6k\u00fcmanlar:<\/span><\/span><\/span><\/div><p><a href=\"https:\/\/tur.sika.com\/content\/dam\/dms\/tr01\/g\/sikaseal_crystalsg.pdf\"><span style=\"font-weight: bolder;\">\u00a0 \u00a0 \u00a0<img decoding=\"async\" src=\"http:\/\/etkiinsaat.com.tr\/wp-content\/uploads\/2023\/09\/pdf-300x300.png\" alt=\"\" width=\"31\" height=\"31\" \/><\/span><\/a><a title=\"TDS Teknik Dok\u00fcman Sayfas\u0131\" href=\"https:\/\/teknoyapi.com.tr\/documents\/TDS-teknobond-500.pdf\" target=\"_blank\" rel=\"noopener\"><span style=\"color: red; font-size: small;\"><b>TDS Teknik Dok\u00fcman Sayfas\u0131<\/b><\/span>\u00a0<\/a>\u00a0\u00a0<\/p><p>\u00a0<\/p><\/div>\t\t\t\t\t\t\t\t<\/div>\n\t\t\t\t<\/div>\n\t\t\t\t\t<\/div>\n\t\t<\/div>\n\t\t\t\t\t<\/div>\n\t\t<\/section>\n\t\t\t\t<\/div>\n\t\t","protected":false},"excerpt":{"rendered":"<p>Teknobond 500 Epoksi Zemin Kaplama \u00dcr\u00fcn Tan\u0131m\u0131Teknobond 500, iki bile\u015fenli, epoksi re\u00e7ine esasl\u0131, kendili\u011finden yay\u0131lan self levelling kaplama.\u00a0\u00a0\u00a0\u00a0\u00a0\u00a0\u00a0\u00a0\u00a0\u00a0\u00a0\u00a0\u00a0\u00a0\u00a0\u00a0\u00a0\u00a0\u00a0\u00a0Kullan\u0131m Alanlar\u0131\u2022 Depolama ve montaj alanlar\u0131,\u2022 Bak\u0131m at\u00f6lyeleri, garajlar ve y\u00fckleme rampalar\u0131 vb. gibi normal-orta a\u011f\u0131r y\u00fcke maruz beton ve \u00e7imento har\u00e7l\u0131 y\u00fczeyler i\u00e7in kendili\u011finden d\u00fczle\u015fen sistemler,\u2022 \u00c7ok katl\u0131 ve yeralt\u0131 otoparklar\u0131,\u2022 Bak\u0131m hangarlar\u0131, i\u00e7ecek ve g\u0131da end\u00fcstrisindeki \u0131slak i\u015flem alanlar\u0131 i\u00e7in kumla k\u00f6reltilmi\u015f sistemler \u00f6nerilmektedir.\u00a0\u00d6zellikleri ve Avantajlar\u0131\u2022 \u0130\u00e7erisine y\u00fcksek oranda dolgu girebilir.\u2022 \u0130yi kimyasal ve mekanik dayan\u0131ml\u0131d\u0131r.\u2022 Kolay uygulan\u0131r, \u00c7\u00f6z\u00fcc\u00fc gerektirmez.\u2022 Ekonomiktir.\u2022 S\u0131v\u0131 ge\u00e7irimsizdir.\u2022 Parlak y\u00fczey biti\u015flidir.\u2022 Kayd\u0131rmaz y\u00fczey elde edilebilir.\u00a0Uygulama Talimatlar\u0131Y\u00fczey Kalitesi: Uygulama y\u00fczeyi her t\u00fcrl\u00fc toz, kir, zay\u0131f ve oynak par\u00e7ac\u0131klardan, \u00e7imento \u015ferbeti kal\u0131nt\u0131lar\u0131ndan, ya\u011f ve gresten ar\u0131nd\u0131r\u0131lm\u0131\u015f ve kuru olmal\u0131d\u0131r. Beton alt y\u00fczey temiz, sa\u011flam ve yeterli bas\u0131n\u00e7 dayan\u0131m\u0131na sahip (en az 25 N\/mm\u00b2), \u00e7ekme dayan\u0131m\u0131 (pull-off) en az 1.5 N\/mm\u00b2 olmal\u0131d\u0131r.Y\u00fczey Haz\u0131rl\u0131\u011f\u0131: Uygulama y\u00fczeyi, en fazla yap\u0131\u015fma dayan\u0131m\u0131n\u0131 sa\u011flamak amac\u0131yla uygun y\u00f6ntemler kullan\u0131larak temizlenmi\u015f olmal\u0131.Kar\u0131\u015ft\u0131rma: B bile\u015feni A [&hellip;]<\/p>\n","protected":false},"author":3,"featured_media":0,"parent":0,"menu_order":0,"comment_status":"closed","ping_status":"closed","template":"page-full.php","meta":{"_joinchat":[],"footnotes":""},"class_list":["post-16406","page","type-page","status-publish","hentry"],"_links":{"self":[{"href":"https:\/\/etkiinsaat.com.tr\/index.php?rest_route=\/wp\/v2\/pages\/16406","targetHints":{"allow":["GET"]}}],"collection":[{"href":"https:\/\/etkiinsaat.com.tr\/index.php?rest_route=\/wp\/v2\/pages"}],"about":[{"href":"https:\/\/etkiinsaat.com.tr\/index.php?rest_route=\/wp\/v2\/types\/page"}],"author":[{"embeddable":true,"href":"https:\/\/etkiinsaat.com.tr\/index.php?rest_route=\/wp\/v2\/users\/3"}],"replies":[{"embeddable":true,"href":"https:\/\/etkiinsaat.com.tr\/index.php?rest_route=%2Fwp%2Fv2%2Fcomments&post=16406"}],"version-history":[{"count":4,"href":"https:\/\/etkiinsaat.com.tr\/index.php?rest_route=\/wp\/v2\/pages\/16406\/revisions"}],"predecessor-version":[{"id":16411,"href":"https:\/\/etkiinsaat.com.tr\/index.php?rest_route=\/wp\/v2\/pages\/16406\/revisions\/16411"}],"wp:attachment":[{"href":"https:\/\/etkiinsaat.com.tr\/index.php?rest_route=%2Fwp%2Fv2%2Fmedia&parent=16406"}],"curies":[{"name":"wp","href":"https:\/\/api.w.org\/{rel}","templated":true}]}}