{"id":16464,"date":"2023-10-14T17:30:13","date_gmt":"2023-10-14T14:30:13","guid":{"rendered":"https:\/\/etkiinsaat.com.tr\/?page_id=16464"},"modified":"2023-10-14T17:31:13","modified_gmt":"2023-10-14T14:31:13","slug":"teknobond-970-soguk-uygulamali-yol-cizgi-boyasi","status":"publish","type":"page","link":"https:\/\/etkiinsaat.com.tr\/?page_id=16464","title":{"rendered":"Teknobond 970 So\u011fuk Uygulamal\u0131 Yol \u00c7izgi Boyas\u0131"},"content":{"rendered":"\t\t<div data-elementor-type=\"wp-page\" data-elementor-id=\"16464\" class=\"elementor elementor-16464\">\n\t\t\t\t\t\t<section class=\"elementor-section elementor-top-section elementor-element elementor-element-f68aa02 elementor-section-boxed elementor-section-height-default elementor-section-height-default\" data-id=\"f68aa02\" data-element_type=\"section\" data-e-type=\"section\">\n\t\t\t\t\t\t<div class=\"elementor-container elementor-column-gap-default\">\n\t\t\t\t\t<div class=\"elementor-column elementor-col-33 elementor-top-column elementor-element elementor-element-94f0338\" data-id=\"94f0338\" data-element_type=\"column\" data-e-type=\"column\">\n\t\t\t<div class=\"elementor-widget-wrap elementor-element-populated\">\n\t\t\t\t\t\t<div class=\"elementor-element elementor-element-b47319a elementor-widget elementor-widget-heading\" data-id=\"b47319a\" data-element_type=\"widget\" data-e-type=\"widget\" data-widget_type=\"heading.default\">\n\t\t\t\t<div class=\"elementor-widget-container\">\n\t\t\t\t\t<h2 class=\"elementor-heading-title elementor-size-default\">Teknobond 970 So\u011fuk Uygulamal\u0131 Yol \u00c7izgi Boyas\u0131<\/h2>\t\t\t\t<\/div>\n\t\t\t\t<\/div>\n\t\t\t\t<div class=\"elementor-element elementor-element-443fd4c elementor-widget elementor-widget-image\" data-id=\"443fd4c\" data-element_type=\"widget\" data-e-type=\"widget\" data-widget_type=\"image.default\">\n\t\t\t\t<div class=\"elementor-widget-container\">\n\t\t\t\t\t\t\t\t\t\t\t\t\t\t\t<img fetchpriority=\"high\" decoding=\"async\" width=\"250\" height=\"250\" src=\"https:\/\/etkiinsaat.com.tr\/wp-content\/uploads\/2023\/10\/thumb_teknobond_920png20190611040625.jpg\" class=\"attachment-full size-full wp-image-16466\" alt=\"\" srcset=\"https:\/\/etkiinsaat.com.tr\/wp-content\/uploads\/2023\/10\/thumb_teknobond_920png20190611040625.jpg 250w, https:\/\/etkiinsaat.com.tr\/wp-content\/uploads\/2023\/10\/thumb_teknobond_920png20190611040625-150x150.jpg 150w, https:\/\/etkiinsaat.com.tr\/wp-content\/uploads\/2023\/10\/thumb_teknobond_920png20190611040625-201x201.jpg 201w, https:\/\/etkiinsaat.com.tr\/wp-content\/uploads\/2023\/10\/thumb_teknobond_920png20190611040625-100x100.jpg 100w\" sizes=\"(max-width: 250px) 100vw, 250px\" \/>\t\t\t\t\t\t\t\t\t\t\t\t\t\t\t<\/div>\n\t\t\t\t<\/div>\n\t\t\t\t\t<\/div>\n\t\t<\/div>\n\t\t\t\t<div class=\"elementor-column elementor-col-66 elementor-top-column elementor-element elementor-element-9ff54ed\" data-id=\"9ff54ed\" data-element_type=\"column\" data-e-type=\"column\">\n\t\t\t<div class=\"elementor-widget-wrap elementor-element-populated\">\n\t\t\t\t\t\t<div class=\"elementor-element elementor-element-cd17fe2 elementor-widget elementor-widget-image\" data-id=\"cd17fe2\" data-element_type=\"widget\" data-e-type=\"widget\" data-widget_type=\"image.default\">\n\t\t\t\t<div class=\"elementor-widget-container\">\n\t\t\t\t\t\t\t\t\t\t\t\t\t\t\t<img decoding=\"async\" width=\"640\" height=\"250\" src=\"https:\/\/etkiinsaat.com.tr\/wp-content\/uploads\/2023\/10\/165-2-1.jpg\" class=\"attachment-full size-full wp-image-15790\" alt=\"\" srcset=\"https:\/\/etkiinsaat.com.tr\/wp-content\/uploads\/2023\/10\/165-2-1.jpg 640w, https:\/\/etkiinsaat.com.tr\/wp-content\/uploads\/2023\/10\/165-2-1-300x117.jpg 300w, https:\/\/etkiinsaat.com.tr\/wp-content\/uploads\/2023\/10\/165-2-1-303x118.jpg 303w, https:\/\/etkiinsaat.com.tr\/wp-content\/uploads\/2023\/10\/165-2-1-606x237.jpg 606w, https:\/\/etkiinsaat.com.tr\/wp-content\/uploads\/2023\/10\/165-2-1-530x207.jpg 530w, https:\/\/etkiinsaat.com.tr\/wp-content\/uploads\/2023\/10\/165-2-1-450x176.jpg 450w, https:\/\/etkiinsaat.com.tr\/wp-content\/uploads\/2023\/10\/165-2-1-500x195.jpg 500w, https:\/\/etkiinsaat.com.tr\/wp-content\/uploads\/2023\/10\/165-2-1-150x59.jpg 150w\" sizes=\"(max-width: 640px) 100vw, 640px\" \/>\t\t\t\t\t\t\t\t\t\t\t\t\t\t\t<\/div>\n\t\t\t\t<\/div>\n\t\t\t\t<div class=\"elementor-element elementor-element-4a7c783 elementor-widget elementor-widget-text-editor\" data-id=\"4a7c783\" data-element_type=\"widget\" data-e-type=\"widget\" data-widget_type=\"text-editor.default\">\n\t\t\t\t<div class=\"elementor-widget-container\">\n\t\t\t\t\t\t\t\t\t<p style=\"margin-right: 0px; margin-bottom: 10px; margin-left: 0px; line-height: 24px; color: #444444; font-family: 'Open Sans', sans-serif; font-size: 14px;\"><strong style=\"outline: 0px; margin: 0px; padding: 0px; border: 0px; vertical-align: baseline; background: 0px 0px; color: #000000; font-family: roboto, Verdana;\">\u00dcr\u00fcn Tan\u0131m\u0131<\/strong><br style=\"outline: none; color: #000000; font-family: roboto, Verdana;\" \/><span style=\"color: #000000; font-family: roboto, Verdana;\">\u0130\u00e7 ve d\u0131\u015f ortamlarda uygulanabilen, MMA esasl\u0131, iki bile\u015fenli, so\u011fuk uygulamal\u0131, yol \u00e7izgi boyas\u0131d\u0131r. Yakla\u015f\u0131k 2 &#8211; 3 mm. kal\u0131nl\u0131\u011f\u0131nda d\u00f6kme olarak uygulan\u0131r.\u00a0<\/span><br style=\"outline: none; color: #000000; font-family: roboto, Verdana;\" \/><br style=\"outline: none; color: #000000; font-family: roboto, Verdana;\" \/><strong style=\"outline: 0px; margin: 0px; padding: 0px; border: 0px; vertical-align: baseline; background: 0px 0px; color: #000000; font-family: roboto, Verdana;\">Kullan\u0131m Alanlar\u0131\u00a0<\/strong><br style=\"outline: none; color: #000000; font-family: roboto, Verdana;\" \/><span style=\"color: #000000; font-family: roboto, Verdana;\">\u2022 Otoyollar, ana ve ara \u015fehir i\u00e7i yollar,<\/span><br style=\"outline: none; color: #000000; font-family: roboto, Verdana;\" \/><span style=\"color: #000000; font-family: roboto, Verdana;\">\u2022 Havaalanlar\u0131, k\u00f6pr\u00fcler,<\/span><br style=\"outline: none; color: #000000; font-family: roboto, Verdana;\" \/><span style=\"color: #000000; font-family: roboto, Verdana;\">\u2022 Konut, al\u0131\u015fveri\u015f merkezleri,<\/span><br style=\"outline: none; color: #000000; font-family: roboto, Verdana;\" \/><span style=\"color: #000000; font-family: roboto, Verdana;\">\u2022 Parke ta\u015f\u0131, bord\u00fcr gibi kent mobilyalar\u0131n\u0131n \u00fczerinde,<\/span><br style=\"outline: none; color: #000000; font-family: roboto, Verdana;\" \/><span style=\"color: #000000; font-family: roboto, Verdana;\">\u2022 Her t\u00fcrl\u00fc m\u00fchendislik yap\u0131s\u0131nda asfalt veya beton \u00fczerine uygulan\u0131r.<\/span><br style=\"outline: none; color: #000000; font-family: roboto, Verdana;\" \/><span style=\"color: #000000; font-family: roboto, Verdana;\">\u2022 Epoksi, poli\u00fcretan zemin kaplamalar\u0131 ve y\u00fczey sertle\u015ftiricili beton zeminler \u00fczerine uygulan\u0131r.<\/span><br style=\"outline: none; color: #000000; font-family: roboto, Verdana;\" \/><br style=\"outline: none; color: #000000; font-family: roboto, Verdana;\" \/><strong style=\"outline: 0px; margin: 0px; padding: 0px; border: 0px; vertical-align: baseline; background: 0px 0px; color: #000000; font-family: roboto, Verdana;\">\u00d6zellikleri ve Avantajlar\u0131<\/strong><br style=\"outline: none; color: #000000; font-family: roboto, Verdana;\" \/><span style=\"color: #000000; font-family: roboto, Verdana;\">\u2022 MMA esasl\u0131, so\u011fuk uygulama bir boyad\u0131r.<\/span><br style=\"outline: none; color: #000000; font-family: roboto, Verdana;\" \/><span style=\"color: #000000; font-family: roboto, Verdana;\">\u2022 RAL standartlar\u0131na uygun trafik boya renklerinde \u00fcretilir.<\/span><br style=\"outline: none; color: #000000; font-family: roboto, Verdana;\" \/><span style=\"color: #000000; font-family: roboto, Verdana;\">\u2022 H\u0131zl\u0131 kurumas\u0131 sayesinde, uygulanan b\u00f6lge k\u0131sa s\u00fcrede trafi\u011fe a\u00e7\u0131labilir.<\/span><br style=\"outline: none; color: #000000; font-family: roboto, Verdana;\" \/><span style=\"color: #000000; font-family: roboto, Verdana;\">\u2022 UV \u0131\u015f\u0131nlar\u0131 ve di\u011fer atmosfer \u015fartlar\u0131na kar\u015f\u0131 \u00e7ok dayan\u0131kl\u0131d\u0131r.<\/span><br style=\"outline: none; color: #000000; font-family: roboto, Verdana;\" \/><span style=\"color: #000000; font-family: roboto, Verdana;\">\u2022 Di\u011fer boya tiplerine g\u00f6re daha dayan\u0131kl\u0131d\u0131r.<\/span><br style=\"outline: none; color: #000000; font-family: roboto, Verdana;\" \/><span style=\"color: #000000; font-family: roboto, Verdana;\">\u2022 Asfalt, beton, y\u00fczey sertle\u015ftirici, mozaik, vb. y\u00fczeylerde rahatl\u0131kla kullan\u0131l\u0131r.<\/span><br style=\"outline: none; color: #000000; font-family: roboto, Verdana;\" \/><span style=\"color: #000000; font-family: roboto, Verdana;\">\u2022 \u00d6zellikle a\u011f\u0131r y\u00fck ve trafi\u011fe sahip alanlar i\u00e7in \u00e7ok idealdir.<\/span><br style=\"outline: none; color: #000000; font-family: roboto, Verdana;\" \/><span style=\"color: #000000; font-family: roboto, Verdana;\">\u2022 \u00c7izgi, ok, yaya ge\u00e7idi, harf ve say\u0131 uygulamalar\u0131 rahatl\u0131kla yap\u0131labilir.<\/span><br style=\"outline: none; color: #000000; font-family: roboto, Verdana;\" \/><span style=\"color: #000000; font-family: roboto, Verdana;\">\u2022 \u00c7ok uzun \u00f6m\u00fcrl\u00fcd\u00fcr. Uyguland\u0131\u011f\u0131 y\u00fczeye \u00e7ok iyi tutunur.<\/span><br style=\"outline: none; color: #000000; font-family: roboto, Verdana;\" \/><span style=\"color: #000000; font-family: roboto, Verdana;\">\u2022 Kir, toz, egzoz, ya\u011fdan etkilenmez.<\/span><br style=\"outline: none; color: #000000; font-family: roboto, Verdana;\" \/><span style=\"color: #000000; font-family: roboto, Verdana;\">\u2022 Alt y\u00fczey ile beraber \u00e7al\u0131\u015fmas\u0131n\u0131 sa\u011flayan termoplastik esneme kabiliyetine sahiptir.<\/span><br style=\"outline: none; color: #000000; font-family: roboto, Verdana;\" \/><span style=\"color: #000000; font-family: roboto, Verdana;\">\u2022 Gece g\u00f6r\u00fcn\u00fcm \u00f6zelli\u011fine sahiptir.<\/span><br style=\"outline: none; color: #000000; font-family: roboto, Verdana;\" \/><span style=\"color: #000000; font-family: roboto, Verdana;\">\u2022 Uygulamadan \u00f6nce mutlaka zemin \u015fartlar\u0131 i\u00e7in teknik destek isteyiniz.<\/span><br style=\"outline: none; color: #000000; font-family: roboto, Verdana;\" \/><br style=\"outline: none; color: #000000; font-family: roboto, Verdana;\" \/><strong style=\"outline: 0px; margin: 0px; padding: 0px; border: 0px; vertical-align: baseline; background: 0px 0px; color: #000000; font-family: roboto, Verdana;\">Uygulama Talimatlar\u0131\u00a0<\/strong><br style=\"outline: none; color: #000000; font-family: roboto, Verdana;\" \/><span style=\"color: #000000; font-family: roboto, Verdana;\">Y\u00fczey Kalitesi: Uygulanacak y\u00fczey uygulama esnas\u0131nda kuru, temiz ve sa\u011flam olmal\u0131d\u0131r. Bu \u015fartlar olu\u015fturulmadan uygulamaya ba\u015flamay\u0131n. Yeni alt y\u00fczeyde, malzemenin uyguland\u0131ktan sonra ge\u00e7mesi gereken prizle\u015fme s\u00fcresi bitmeden uygulama yapmay\u0131n. (\u00d6rne\u011fin; beton y\u00fczeylerde 28 g\u00fcn), asfalt y\u00fczeylerde mutlaka uygulama \u00f6ncesi teknik destek isteyiniz.<\/span><br style=\"outline: none; color: #000000; font-family: roboto, Verdana;\" \/><br style=\"outline: none; color: #000000; font-family: roboto, Verdana;\" \/><span style=\"color: #000000; font-family: roboto, Verdana;\">Y\u00fczey Haz\u0131rl\u0131\u011f\u0131: Y\u00fczeyde ya\u011f var ise yakarak kurutun. Y\u00fczey \u00fczerindeki tamiratlar i\u00e7in Tekno tamir har\u00e7lar\u0131n\u0131 kullan\u0131n.<\/span><br style=\"outline: none; color: #000000; font-family: roboto, Verdana;\" \/><br style=\"outline: none; color: #000000; font-family: roboto, Verdana;\" \/><span style=\"color: #000000; font-family: roboto, Verdana;\">Kar\u0131\u015ft\u0131rma: Malzemeyi bir kova i\u00e7erisinde d\u00fc\u015f\u00fck h\u0131zda bir mikser ile yakla\u015f\u0131k 3 dakika homojen bir \u015fekilde, ortalama % 0,5 &#8211; 1,0 oran\u0131nda sertle\u015ftirici ile kar\u0131\u015ft\u0131r\u0131p bekletmeden makinenin boya kutusuna d\u00f6k\u00fcp tatbikata ba\u015flay\u0131n. Boya i\u00e7erisine teknik bilgi f\u00f6y\u00fcnde belirtilenler d\u0131\u015f\u0131nda herhangi bir kimyasal madde kar\u0131\u015ft\u0131rmay\u0131n. Bu tip bir uygulama boyan\u0131n kalitesini, niteli\u011fini ve \u00f6mr\u00fcn\u00fc olumsuz y\u00f6nde etkiler.<\/span><br style=\"outline: none; color: #000000; font-family: roboto, Verdana;\" \/><br style=\"outline: none; color: #000000; font-family: roboto, Verdana;\" \/><span style=\"color: #000000; font-family: roboto, Verdana;\">Sertle\u015ftiriciyi boyaya kar\u0131\u015ft\u0131rmadan \u00f6nce, uygulamada aksilik yaratabilecek t\u00fcm problemleri \u00e7\u00f6z\u00fcn. kar\u0131\u015ft\u0131rmadan sonra uygulama s\u00fcresi yakla\u015f\u0131k 25 dakikad\u0131r. \u015eablonlar\u0131 yere yerle\u015ftirdikten sonra, malzemeyi bir kova i\u00e7erisinde d\u00fc\u015f\u00fck h\u0131zda bir mikser ile yakla\u015f\u0131k 3 dakika homojen bir \u015fekilde, ortalama %1 oran\u0131nda TEKNOHARDENER sertle\u015ftirici ile kar\u0131\u015ft\u0131r\u0131p bekletmeden \u015fablonlu alana d\u00f6k\u00fcn. Mala ile self-levelling bir \u015fekilde yay\u0131n. Kirpi ruloyu boya kurumadan t\u00fcm boyal\u0131 y\u00fczeyin \u00fczerinden ge\u00e7irip hava kabarc\u0131klar\u0131n\u0131n \u00e7\u0131kmas\u0131na yard\u0131mc\u0131 olun. Her iki uygulamada da boya kurumadan, isteniyorsa cam tozunu yere uygulanm\u0131\u015f boya \u00fczerine serpi\u015ftirin. Boya kuruduktan sonra s\u00fcp\u00fcrge ile fazla boyaya yap\u0131\u015fmam\u0131\u015f cam tozlar\u0131n\u0131 al\u0131n.<\/span><br style=\"outline: none; color: #000000; font-family: roboto, Verdana;\" \/><br style=\"outline: none; color: #000000; font-family: roboto, Verdana;\" \/><strong style=\"outline: 0px; margin: 0px; padding: 0px; border: 0px; vertical-align: baseline; background: 0px 0px; color: #000000; font-family: roboto, Verdana;\">Uygulama Notlar\u0131 \/ S\u0131n\u0131rlamalar\u00a0<\/strong><br style=\"outline: none; color: #000000; font-family: roboto, Verdana;\" \/><span style=\"color: #000000; font-family: roboto, Verdana;\">\u2022 Uygulama alan\u0131 iyi havaland\u0131rmaya sahip olmal\u0131d\u0131r.<\/span><br style=\"outline: none; color: #000000; font-family: roboto, Verdana;\" \/><span style=\"color: #000000; font-family: roboto, Verdana;\">\u2022 Ok ve harf \u00e7izim \u00f6l\u00e7\u00fcleri i\u00e7in firmam\u0131z\u0131n teknik ekibine ba\u015fvurun.<\/span><br style=\"outline: none; color: #000000; font-family: roboto, Verdana;\" \/><span style=\"color: #000000; font-family: roboto, Verdana;\">\u2022 Uygulama tecr\u00fcbe gerektirdi\u011finden \u00f6nceden numune \u00e7al\u0131\u015fmas\u0131 yap\u0131lmas\u0131 tavsiye edilir.<\/span><br style=\"outline: none; color: #000000; font-family: roboto, Verdana;\" \/><span style=\"color: #000000; font-family: roboto, Verdana;\">\u2022 \u00c7ok s\u0131cak havalarda g\u00fcne\u015f alt\u0131nda uygulama yapmay\u0131n. Ak\u015fam saati veya sabah uygulama yap\u0131lmas\u0131 gerekir.<\/span><br style=\"outline: none; color: #000000; font-family: roboto, Verdana;\" \/><span style=\"color: #000000; font-family: roboto, Verdana;\">\u2022 Uygulamadan sonra direk g\u00fcne\u015f \u0131\u015f\u0131\u011f\u0131, \u015fiddetli r\u00fczgar, y\u00fcksek hava s\u0131cakl\u0131\u011f\u0131 (+35 \u00b0C \u00fczeri), ya\u011fmur ve don gibi olumsuz hava ko\u015fullar\u0131na kar\u015f\u0131 korunmal\u0131d\u0131r. Uygulamadan k\u0131sa s\u00fcre sonra sertle\u015fme tamamlanaca\u011f\u0131 i\u00e7in, temizlik ancak mekanik ekipmanlar kullan\u0131larak yap\u0131labilir.<\/span><br style=\"outline: none; color: #000000; font-family: roboto, Verdana;\" \/><span style=\"color: #000000; font-family: roboto, Verdana;\">\u2022 Eller temiz \u0131l\u0131k su ve sabun ile y\u0131kanmal\u0131d\u0131r.<\/span><\/p><div style=\"color: #444444; font-family: 'Open Sans', sans-serif; font-size: 14px;\"><div>\u00a0<\/div><\/div><div><div><span style=\"color: #444444; font-family: 'Open Sans', sans-serif;\"><span style=\"font-size: 14px;\"><span style=\"font-weight: bold;\">Teknik D\u00f6k\u00fcmanlar:<\/span><\/span><\/span><\/div><p><a href=\"https:\/\/tur.sika.com\/content\/dam\/dms\/tr01\/g\/sikaseal_crystalsg.pdf\"><span style=\"font-weight: bolder;\">\u00a0 \u00a0 \u00a0<img decoding=\"async\" src=\"http:\/\/etkiinsaat.com.tr\/wp-content\/uploads\/2023\/09\/pdf-300x300.png\" alt=\"\" width=\"31\" height=\"31\" \/><\/span><\/a><a title=\"TDS Teknik Dok\u00fcman Sayfas\u0131\" href=\"https:\/\/teknoyapi.com.tr\/documents\/TDS-teknobond-970.pdf\" target=\"_blank\" rel=\"noopener\"><span style=\"color: red; font-size: small;\"><b>TDS Teknik Dok\u00fcman Sayfas\u0131<\/b><\/span>\u00a0<\/a>\u00a0\u00a0<\/p><p>\u00a0<\/p><\/div>\t\t\t\t\t\t\t\t<\/div>\n\t\t\t\t<\/div>\n\t\t\t\t\t<\/div>\n\t\t<\/div>\n\t\t\t\t\t<\/div>\n\t\t<\/section>\n\t\t\t\t<\/div>\n\t\t","protected":false},"excerpt":{"rendered":"<p>Teknobond 970 So\u011fuk Uygulamal\u0131 Yol \u00c7izgi Boyas\u0131 \u00dcr\u00fcn Tan\u0131m\u0131\u0130\u00e7 ve d\u0131\u015f ortamlarda uygulanabilen, MMA esasl\u0131, iki bile\u015fenli, so\u011fuk uygulamal\u0131, yol \u00e7izgi boyas\u0131d\u0131r. Yakla\u015f\u0131k 2 &#8211; 3 mm. kal\u0131nl\u0131\u011f\u0131nda d\u00f6kme olarak uygulan\u0131r.\u00a0Kullan\u0131m Alanlar\u0131\u00a0\u2022 Otoyollar, ana ve ara \u015fehir i\u00e7i yollar,\u2022 Havaalanlar\u0131, k\u00f6pr\u00fcler,\u2022 Konut, al\u0131\u015fveri\u015f merkezleri,\u2022 Parke ta\u015f\u0131, bord\u00fcr gibi kent mobilyalar\u0131n\u0131n \u00fczerinde,\u2022 Her t\u00fcrl\u00fc m\u00fchendislik yap\u0131s\u0131nda asfalt veya beton \u00fczerine uygulan\u0131r.\u2022 Epoksi, poli\u00fcretan zemin kaplamalar\u0131 ve y\u00fczey sertle\u015ftiricili beton zeminler \u00fczerine uygulan\u0131r.\u00d6zellikleri ve Avantajlar\u0131\u2022 MMA esasl\u0131, so\u011fuk uygulama bir boyad\u0131r.\u2022 RAL standartlar\u0131na uygun trafik boya renklerinde \u00fcretilir.\u2022 H\u0131zl\u0131 kurumas\u0131 sayesinde, uygulanan b\u00f6lge k\u0131sa s\u00fcrede trafi\u011fe a\u00e7\u0131labilir.\u2022 UV \u0131\u015f\u0131nlar\u0131 ve di\u011fer atmosfer \u015fartlar\u0131na kar\u015f\u0131 \u00e7ok dayan\u0131kl\u0131d\u0131r.\u2022 Di\u011fer boya tiplerine g\u00f6re daha dayan\u0131kl\u0131d\u0131r.\u2022 Asfalt, beton, y\u00fczey sertle\u015ftirici, mozaik, vb. y\u00fczeylerde rahatl\u0131kla kullan\u0131l\u0131r.\u2022 \u00d6zellikle a\u011f\u0131r y\u00fck ve trafi\u011fe sahip alanlar i\u00e7in \u00e7ok idealdir.\u2022 \u00c7izgi, ok, yaya ge\u00e7idi, harf ve say\u0131 uygulamalar\u0131 rahatl\u0131kla yap\u0131labilir.\u2022 \u00c7ok uzun \u00f6m\u00fcrl\u00fcd\u00fcr. Uyguland\u0131\u011f\u0131 y\u00fczeye \u00e7ok iyi tutunur.\u2022 Kir, toz, egzoz, [&hellip;]<\/p>\n","protected":false},"author":3,"featured_media":0,"parent":0,"menu_order":0,"comment_status":"closed","ping_status":"closed","template":"page-full.php","meta":{"_joinchat":[],"footnotes":""},"class_list":["post-16464","page","type-page","status-publish","hentry"],"_links":{"self":[{"href":"https:\/\/etkiinsaat.com.tr\/index.php?rest_route=\/wp\/v2\/pages\/16464","targetHints":{"allow":["GET"]}}],"collection":[{"href":"https:\/\/etkiinsaat.com.tr\/index.php?rest_route=\/wp\/v2\/pages"}],"about":[{"href":"https:\/\/etkiinsaat.com.tr\/index.php?rest_route=\/wp\/v2\/types\/page"}],"author":[{"embeddable":true,"href":"https:\/\/etkiinsaat.com.tr\/index.php?rest_route=\/wp\/v2\/users\/3"}],"replies":[{"embeddable":true,"href":"https:\/\/etkiinsaat.com.tr\/index.php?rest_route=%2Fwp%2Fv2%2Fcomments&post=16464"}],"version-history":[{"count":4,"href":"https:\/\/etkiinsaat.com.tr\/index.php?rest_route=\/wp\/v2\/pages\/16464\/revisions"}],"predecessor-version":[{"id":16469,"href":"https:\/\/etkiinsaat.com.tr\/index.php?rest_route=\/wp\/v2\/pages\/16464\/revisions\/16469"}],"wp:attachment":[{"href":"https:\/\/etkiinsaat.com.tr\/index.php?rest_route=%2Fwp%2Fv2%2Fmedia&parent=16464"}],"curies":[{"name":"wp","href":"https:\/\/api.w.org\/{rel}","templated":true}]}}