{"id":16481,"date":"2023-10-14T17:34:33","date_gmt":"2023-10-14T14:34:33","guid":{"rendered":"https:\/\/etkiinsaat.com.tr\/?page_id=16481"},"modified":"2023-10-14T17:35:42","modified_gmt":"2023-10-14T14:35:42","slug":"granito-wall-mikrobeton-duvar-kaplama-malzemesi","status":"publish","type":"page","link":"https:\/\/etkiinsaat.com.tr\/?page_id=16481","title":{"rendered":"Granito Wall Mikrobeton Duvar Kaplama Malzemesi"},"content":{"rendered":"\t\t<div data-elementor-type=\"wp-page\" data-elementor-id=\"16481\" class=\"elementor elementor-16481\">\n\t\t\t\t\t\t<section class=\"elementor-section elementor-top-section elementor-element elementor-element-59a2dd7 elementor-section-boxed elementor-section-height-default elementor-section-height-default\" data-id=\"59a2dd7\" data-element_type=\"section\" data-e-type=\"section\">\n\t\t\t\t\t\t<div class=\"elementor-container elementor-column-gap-default\">\n\t\t\t\t\t<div class=\"elementor-column elementor-col-33 elementor-top-column elementor-element elementor-element-48faab5\" data-id=\"48faab5\" data-element_type=\"column\" data-e-type=\"column\">\n\t\t\t<div class=\"elementor-widget-wrap elementor-element-populated\">\n\t\t\t\t\t\t<div class=\"elementor-element elementor-element-eb952ff elementor-widget elementor-widget-heading\" data-id=\"eb952ff\" data-element_type=\"widget\" data-e-type=\"widget\" data-widget_type=\"heading.default\">\n\t\t\t\t<div class=\"elementor-widget-container\">\n\t\t\t\t\t<h2 class=\"elementor-heading-title elementor-size-default\">Granito Wall Mikrobeton Duvar Kaplama Malzemesi<\/h2>\t\t\t\t<\/div>\n\t\t\t\t<\/div>\n\t\t\t\t<div class=\"elementor-element elementor-element-07ebb74 elementor-widget elementor-widget-image\" data-id=\"07ebb74\" data-element_type=\"widget\" data-e-type=\"widget\" data-widget_type=\"image.default\">\n\t\t\t\t<div class=\"elementor-widget-container\">\n\t\t\t\t\t\t\t\t\t\t\t\t\t\t\t<img fetchpriority=\"high\" decoding=\"async\" width=\"250\" height=\"250\" src=\"https:\/\/etkiinsaat.com.tr\/wp-content\/uploads\/2023\/10\/thumb_granito_artjpg20220314021127-1.jpg\" class=\"attachment-full size-full wp-image-16483\" alt=\"\" srcset=\"https:\/\/etkiinsaat.com.tr\/wp-content\/uploads\/2023\/10\/thumb_granito_artjpg20220314021127-1.jpg 250w, https:\/\/etkiinsaat.com.tr\/wp-content\/uploads\/2023\/10\/thumb_granito_artjpg20220314021127-1-150x150.jpg 150w, https:\/\/etkiinsaat.com.tr\/wp-content\/uploads\/2023\/10\/thumb_granito_artjpg20220314021127-1-201x201.jpg 201w, https:\/\/etkiinsaat.com.tr\/wp-content\/uploads\/2023\/10\/thumb_granito_artjpg20220314021127-1-100x100.jpg 100w\" sizes=\"(max-width: 250px) 100vw, 250px\" \/>\t\t\t\t\t\t\t\t\t\t\t\t\t\t\t<\/div>\n\t\t\t\t<\/div>\n\t\t\t\t\t<\/div>\n\t\t<\/div>\n\t\t\t\t<div class=\"elementor-column elementor-col-66 elementor-top-column elementor-element elementor-element-1fc44be\" data-id=\"1fc44be\" data-element_type=\"column\" data-e-type=\"column\">\n\t\t\t<div class=\"elementor-widget-wrap elementor-element-populated\">\n\t\t\t\t\t\t<div class=\"elementor-element elementor-element-b428515 elementor-widget elementor-widget-image\" data-id=\"b428515\" data-element_type=\"widget\" data-e-type=\"widget\" data-widget_type=\"image.default\">\n\t\t\t\t<div class=\"elementor-widget-container\">\n\t\t\t\t\t\t\t\t\t\t\t\t\t\t\t<img decoding=\"async\" width=\"1280\" height=\"500\" src=\"https:\/\/etkiinsaat.com.tr\/wp-content\/uploads\/2023\/10\/granito_wall.jpg\" class=\"attachment-full size-full wp-image-16484\" alt=\"\" srcset=\"https:\/\/etkiinsaat.com.tr\/wp-content\/uploads\/2023\/10\/granito_wall.jpg 1280w, https:\/\/etkiinsaat.com.tr\/wp-content\/uploads\/2023\/10\/granito_wall-300x117.jpg 300w, https:\/\/etkiinsaat.com.tr\/wp-content\/uploads\/2023\/10\/granito_wall-1024x400.jpg 1024w, https:\/\/etkiinsaat.com.tr\/wp-content\/uploads\/2023\/10\/granito_wall-768x300.jpg 768w, https:\/\/etkiinsaat.com.tr\/wp-content\/uploads\/2023\/10\/granito_wall-830x324.jpg 830w, https:\/\/etkiinsaat.com.tr\/wp-content\/uploads\/2023\/10\/granito_wall-303x118.jpg 303w, https:\/\/etkiinsaat.com.tr\/wp-content\/uploads\/2023\/10\/granito_wall-606x237.jpg 606w, https:\/\/etkiinsaat.com.tr\/wp-content\/uploads\/2023\/10\/granito_wall-530x207.jpg 530w, https:\/\/etkiinsaat.com.tr\/wp-content\/uploads\/2023\/10\/granito_wall-450x176.jpg 450w, https:\/\/etkiinsaat.com.tr\/wp-content\/uploads\/2023\/10\/granito_wall-500x195.jpg 500w, https:\/\/etkiinsaat.com.tr\/wp-content\/uploads\/2023\/10\/granito_wall-150x59.jpg 150w\" sizes=\"(max-width: 1280px) 100vw, 1280px\" \/>\t\t\t\t\t\t\t\t\t\t\t\t\t\t\t<\/div>\n\t\t\t\t<\/div>\n\t\t\t\t<div class=\"elementor-element elementor-element-c73a18d elementor-widget elementor-widget-text-editor\" data-id=\"c73a18d\" data-element_type=\"widget\" data-e-type=\"widget\" data-widget_type=\"text-editor.default\">\n\t\t\t\t<div class=\"elementor-widget-container\">\n\t\t\t\t\t\t\t\t\t<p style=\"margin-right: 0px; margin-bottom: 10px; margin-left: 0px; line-height: 24px; color: #444444; font-family: 'Open Sans', sans-serif; font-size: 14px;\"><strong style=\"outline: 0px; margin: 0px; padding: 0px; border: 0px; vertical-align: baseline; background: 0px 0px; color: #000000; font-family: roboto, Verdana;\">\u00dcr\u00fcn Tan\u0131m\u0131<\/strong><br style=\"outline: none; color: #000000; font-family: roboto, Verdana;\" \/><span style=\"color: #000000; font-family: roboto, Verdana;\">\u00c7imento esasl\u0131, kimyasal katk\u0131lar ile zenginle\u015ftirilmi\u015f farkl\u0131 dekoratif tasar\u0131mlar i\u00e7in kullan\u0131labilen kaplama malzemesi.<\/span><br style=\"outline: none; color: #000000; font-family: roboto, Verdana;\" \/><br style=\"outline: none; color: #000000; font-family: roboto, Verdana;\" \/><strong style=\"outline: 0px; margin: 0px; padding: 0px; border: 0px; vertical-align: baseline; background: 0px 0px; color: #000000; font-family: roboto, Verdana;\">Kullan\u0131m Alanlar\u0131<\/strong><br style=\"outline: none; color: #000000; font-family: roboto, Verdana;\" \/><span style=\"color: #000000; font-family: roboto, Verdana;\">\u2022 \u0130\u00e7 mekanlarda duvar ve tavan y\u00fczeylerinin dekoratif tasar\u0131m ve \u00fcretiminde kullan\u0131l\u0131r.<\/span><br style=\"outline: none; color: #000000; font-family: roboto, Verdana;\" \/><span style=\"color: #000000; font-family: roboto, Verdana;\">\u2022 Kara s\u0131va, beton gibi mineral y\u00fczeylere, eski boyal\u0131 y\u00fczeylere ve Granito Astar \u00fcr\u00fcn\u00fcyle astarlama yap\u0131lmak suretiyle al\u00e7\u0131 s\u0131va, al\u00e7\u0131 levha \u00fczerine uygulanabilir.<\/span><br style=\"outline: none; color: #000000; font-family: roboto, Verdana;\" \/><span style=\"color: #000000; font-family: roboto, Verdana;\">\u2022 Uygulama talimatlar\u0131nda belirtildi\u011fi \u015fekilde y\u00fczey korumas\u0131 sa\u011fland\u0131\u011f\u0131 takdirde banyo ve mutfak gibi zorlu y\u00fczeylerde de kullan\u0131labilir.<\/span><br style=\"outline: none; color: #000000; font-family: roboto, Verdana;\" \/><br style=\"outline: none; color: #000000; font-family: roboto, Verdana;\" \/><strong style=\"outline: 0px; margin: 0px; padding: 0px; border: 0px; vertical-align: baseline; background: 0px 0px; color: #000000; font-family: roboto, Verdana;\">\u00d6zellikleri ve Avantajlar\u0131<\/strong><br style=\"outline: none; color: #000000; font-family: roboto, Verdana;\" \/><span style=\"color: #000000; font-family: roboto, Verdana;\">\u2022 Sahip oldu\u011fu do\u011fal ta\u015f g\u00f6r\u00fcn\u00fcm\u00fc ile i\u00e7 cephe dekorasyonlar\u0131n\u0131 kusursuz tamamlay\u0131c\u0131s\u0131d\u0131r.<\/span><br style=\"outline: none; color: #000000; font-family: roboto, Verdana;\" \/><span style=\"color: #000000; font-family: roboto, Verdana;\">\u2022 \u0130\u00e7 mekanlarda duvar\u0131n yan\u0131 s\u0131ra, zemin uygulamas\u0131na da Granito Floor ile birbirini tamamlayarak efektin b\u00fct\u00fcnl\u00fc\u011f\u00fcn\u00fc sa\u011flar.<\/span><br style=\"outline: none; color: #000000; font-family: roboto, Verdana;\" \/><span style=\"color: #000000; font-family: roboto, Verdana;\">\u2022 Mevcut kaplamay\u0131 kald\u0131rmadan \u00fczerine uygulama yap\u0131labilir.<\/span><br style=\"outline: none; color: #000000; font-family: roboto, Verdana;\" \/><span style=\"color: #000000; font-family: roboto, Verdana;\">\u2022 Kesintisiz uygulama yap\u0131labilir.<\/span><br style=\"outline: none; color: #000000; font-family: roboto, Verdana;\" \/><span style=\"color: #000000; font-family: roboto, Verdana;\">\u2022 Mineral bir kaplama olmas\u0131n\u0131n yan\u0131s\u0131ra esnek bir yap\u0131ya sahiptir.<\/span><br style=\"outline: none; color: #000000; font-family: roboto, Verdana;\" \/><span style=\"color: #000000; font-family: roboto, Verdana;\">\u2022 \u00c7imentolu sistemlere uygun olan renklendiricilere ile renklendirilerek istenilen renk elde edilebilir.<\/span><br style=\"outline: none; color: #000000; font-family: roboto, Verdana;\" \/><span style=\"color: #000000; font-family: roboto, Verdana;\">\u2022 D\u0131\u015far\u0131dan i\u00e7eriye su ge\u00e7irmemesine ra\u011fmen, i\u00e7erideki nemi d\u0131\u015far\u0131ya atabilme kabiliyeti ile binalar\u0131n nefes almas\u0131n\u0131 sa\u011flar.<\/span><br style=\"outline: none; color: #000000; font-family: roboto, Verdana;\" \/><span style=\"color: #000000; font-family: roboto, Verdana;\">\u2022 Y\u00fczeye Granito Cila uyguland\u0131\u011f\u0131nda suya kar\u015f\u0131 dayan\u0131kl\u0131d\u0131r.<\/span><br style=\"outline: none; color: #000000; font-family: roboto, Verdana;\" \/><br style=\"outline: none; color: #000000; font-family: roboto, Verdana;\" \/><strong style=\"outline: 0px; margin: 0px; padding: 0px; border: 0px; vertical-align: baseline; background: 0px 0px; color: #000000; font-family: roboto, Verdana;\">Uygulama Detaylar\u0131<\/strong><br style=\"outline: none; color: #000000; font-family: roboto, Verdana;\" \/><span style=\"color: #000000; font-family: roboto, Verdana;\">Y\u00fczey Kalitesi: Uygulama yap\u0131lacak y\u00fczeyler, yap\u0131\u015fmay\u0131 azalt\u0131c\u0131 toz, kir ve ya\u011fdan ar\u0131nd\u0131r\u0131lmal\u0131, eski ve kabarm\u0131\u015f boya tabakalar\u0131ndan t\u00fcm\u00fcyle temizlenerek kuru, sa\u011flam ve temiz hale getirilmelidir. Yeni mineral y\u00fczeyler \u00fczerine uygulama yapmadan \u00f6nce y\u00fczeyin k\u00fcrlenmesi i\u00e7in en az 28 g\u00fcn beklenmelidir. Binan\u0131n su ile ilgili t\u00fcm izolasyon \u00f6nlemleri al\u0131nm\u0131\u015f olmal\u0131d\u0131r. Eski sentetik bazl\u0131 y\u00fczeyler iyice z\u0131mparalan\u0131p, z\u0131mpara tozlar\u0131 y\u00fczeyden uzakla\u015ft\u0131r\u0131lmal\u0131d\u0131r. Gerekiyorsa Teknorep 200 ile y\u00fczeydeki \u00e7atlaklar doldurulmal\u0131d\u0131r.<\/span><br style=\"outline: none; color: #000000; font-family: roboto, Verdana;\" \/><br style=\"outline: none; color: #000000; font-family: roboto, Verdana;\" \/><span style=\"color: #000000; font-family: roboto, Verdana;\">Granito Wall tek bile\u015fenlidir. Uygulama talimatlar\u0131nda belirtilmi\u015f \u015fekilde zemin haz\u0131rl\u0131\u011f\u0131 yap\u0131lm\u0131\u015f y\u00fczey \u00fczerine, Granito Wall 2 veya 3 kat halinde, katlar aras\u0131nda beklenerek \u00e7elik mala ile uygulan\u0131r. Toplam uygulama kal\u0131nl\u0131\u011f\u0131 2 &#8211; 4 mm olmal\u0131d\u0131r. Granito Wall deseni \u00e7elik mala ve\/veya efekt mala yard\u0131m\u0131 ile verilir. Parlakl\u0131k ve desen, son kat uygulamas\u0131 \u00fczerine mala ile sert\u00e7e bast\u0131r\u0131lmak sureti ile veya son kat uygulamas\u0131ndan sonra z\u0131mpara yap\u0131larak elde edilebilir. Bunlar d\u0131\u015f\u0131nda farkl\u0131 uygulama y\u00f6ntemleri de kullan\u0131labilir. Uygulama tamamland\u0131ktan sonra t\u00fcm y\u00fczeye kullan\u0131m yeri ve \u015fekline g\u00f6re Granito Cila uygulanmal\u0131d\u0131r.<\/span><br style=\"outline: none; color: #000000; font-family: roboto, Verdana;\" \/><br style=\"outline: none; color: #000000; font-family: roboto, Verdana;\" \/><span style=\"color: #000000; font-family: roboto, Verdana;\">Kar\u0131\u015ft\u0131rma: Homojen kar\u0131\u015f\u0131m\u0131 sa\u011flamak i\u00e7in d\u00fc\u015f\u00fck devirli bir matkap ve kar\u0131\u015ft\u0131r\u0131c\u0131 u\u00e7 kullan\u0131lmas\u0131 tavsiye edilir. Kovaya k\u0131vama g\u00f6re istenen oranda su konulur, renklendirme yap\u0131lmas\u0131 isteniyorsa renklendirici kar\u0131\u015f\u0131m suyuna eklenmesi tavsiye edilir. Sonra toz malzeme yava\u015f yava\u015f ilave edilir, homojen bir kar\u0131\u015f\u0131m elde edilinceye kadar kar\u0131\u015ft\u0131rma i\u015flemine devam edilir. Kar\u0131\u015ft\u0131rma suyunun miktar\u0131 ortam s\u0131cakl\u0131\u011f\u0131na ba\u011fl\u0131 olarak de\u011fi\u015febilir. Harc\u0131n olgunla\u015fmas\u0131 i\u00e7in 1 &#8211; 3 dakika dinlendiriniz, uygulamaya ba\u015flamadan tekrar kar\u0131\u015ft\u0131r\u0131n\u0131z.<\/span><br style=\"outline: none; color: #000000; font-family: roboto, Verdana;\" \/><br style=\"outline: none; color: #000000; font-family: roboto, Verdana;\" \/><strong style=\"outline: 0px; margin: 0px; padding: 0px; border: 0px; vertical-align: baseline; background: 0px 0px; color: #000000; font-family: roboto, Verdana;\">Uygulama Talimatlar\u0131<\/strong><br style=\"outline: none; color: #000000; font-family: roboto, Verdana;\" \/><span style=\"color: #000000; font-family: roboto, Verdana;\">\u2022 Uygulamadan sonra y\u00fczey bir g\u00fcn boyunca sudan korunmal\u0131d\u0131r. \u00dcr\u00fcn \u00fczerinde a\u015f\u0131nd\u0131r\u0131c\u0131 malzemelerle temizlik yap\u0131lmamal\u0131d\u0131r.<\/span><br style=\"outline: none; color: #000000; font-family: roboto, Verdana;\" \/><span style=\"color: #000000; font-family: roboto, Verdana;\">\u2022 Seramik kapl\u0131 y\u00fczeyler \u00fczerine uygulama yap\u0131lmas\u0131 durumunda, file takviyesiyle uygulama yap\u0131lmal\u0131d\u0131r.<\/span><\/p><div style=\"color: #444444; font-family: 'Open Sans', sans-serif; font-size: 14px;\">\u00a0<\/div><div><div><span style=\"color: #444444; font-family: 'Open Sans', sans-serif;\"><span style=\"font-size: 14px;\"><span style=\"font-weight: bold;\">Teknik D\u00f6k\u00fcmanlar:<\/span><\/span><\/span><\/div><p><a href=\"https:\/\/tur.sika.com\/content\/dam\/dms\/tr01\/g\/sikaseal_crystalsg.pdf\"><span style=\"font-weight: bolder;\">\u00a0 \u00a0 \u00a0<img decoding=\"async\" src=\"http:\/\/etkiinsaat.com.tr\/wp-content\/uploads\/2023\/09\/pdf-300x300.png\" alt=\"\" width=\"31\" height=\"31\" \/><\/span><\/a><a title=\"TDS Teknik Dok\u00fcman Sayfas\u0131\" href=\"https:\/\/teknoyapi.com.tr\/documents\/TDS-granito-wall.pdf\" target=\"_blank\" rel=\"noopener\"><span style=\"color: red; font-size: small;\"><b>TDS Teknik Dok\u00fcman Sayfas\u0131<\/b><\/span>\u00a0<\/a>\u00a0\u00a0<\/p><p>\u00a0<\/p><\/div>\t\t\t\t\t\t\t\t<\/div>\n\t\t\t\t<\/div>\n\t\t\t\t\t<\/div>\n\t\t<\/div>\n\t\t\t\t\t<\/div>\n\t\t<\/section>\n\t\t\t\t<\/div>\n\t\t","protected":false},"excerpt":{"rendered":"<p>Granito Wall Mikrobeton Duvar Kaplama Malzemesi \u00dcr\u00fcn Tan\u0131m\u0131\u00c7imento esasl\u0131, kimyasal katk\u0131lar ile zenginle\u015ftirilmi\u015f farkl\u0131 dekoratif tasar\u0131mlar i\u00e7in kullan\u0131labilen kaplama malzemesi.Kullan\u0131m Alanlar\u0131\u2022 \u0130\u00e7 mekanlarda duvar ve tavan y\u00fczeylerinin dekoratif tasar\u0131m ve \u00fcretiminde kullan\u0131l\u0131r.\u2022 Kara s\u0131va, beton gibi mineral y\u00fczeylere, eski boyal\u0131 y\u00fczeylere ve Granito Astar \u00fcr\u00fcn\u00fcyle astarlama yap\u0131lmak suretiyle al\u00e7\u0131 s\u0131va, al\u00e7\u0131 levha \u00fczerine uygulanabilir.\u2022 Uygulama talimatlar\u0131nda belirtildi\u011fi \u015fekilde y\u00fczey korumas\u0131 sa\u011fland\u0131\u011f\u0131 takdirde banyo ve mutfak gibi zorlu y\u00fczeylerde de kullan\u0131labilir.\u00d6zellikleri ve Avantajlar\u0131\u2022 Sahip oldu\u011fu do\u011fal ta\u015f g\u00f6r\u00fcn\u00fcm\u00fc ile i\u00e7 cephe dekorasyonlar\u0131n\u0131 kusursuz tamamlay\u0131c\u0131s\u0131d\u0131r.\u2022 \u0130\u00e7 mekanlarda duvar\u0131n yan\u0131 s\u0131ra, zemin uygulamas\u0131na da Granito Floor ile birbirini tamamlayarak efektin b\u00fct\u00fcnl\u00fc\u011f\u00fcn\u00fc sa\u011flar.\u2022 Mevcut kaplamay\u0131 kald\u0131rmadan \u00fczerine uygulama yap\u0131labilir.\u2022 Kesintisiz uygulama yap\u0131labilir.\u2022 Mineral bir kaplama olmas\u0131n\u0131n yan\u0131s\u0131ra esnek bir yap\u0131ya sahiptir.\u2022 \u00c7imentolu sistemlere uygun olan renklendiricilere ile renklendirilerek istenilen renk elde edilebilir.\u2022 D\u0131\u015far\u0131dan i\u00e7eriye su ge\u00e7irmemesine ra\u011fmen, i\u00e7erideki nemi d\u0131\u015far\u0131ya atabilme kabiliyeti ile binalar\u0131n nefes almas\u0131n\u0131 sa\u011flar.\u2022 Y\u00fczeye Granito Cila uyguland\u0131\u011f\u0131nda suya kar\u015f\u0131 dayan\u0131kl\u0131d\u0131r.Uygulama [&hellip;]<\/p>\n","protected":false},"author":3,"featured_media":0,"parent":0,"menu_order":0,"comment_status":"closed","ping_status":"closed","template":"page-full.php","meta":{"_joinchat":[],"footnotes":""},"class_list":["post-16481","page","type-page","status-publish","hentry"],"_links":{"self":[{"href":"https:\/\/etkiinsaat.com.tr\/index.php?rest_route=\/wp\/v2\/pages\/16481","targetHints":{"allow":["GET"]}}],"collection":[{"href":"https:\/\/etkiinsaat.com.tr\/index.php?rest_route=\/wp\/v2\/pages"}],"about":[{"href":"https:\/\/etkiinsaat.com.tr\/index.php?rest_route=\/wp\/v2\/types\/page"}],"author":[{"embeddable":true,"href":"https:\/\/etkiinsaat.com.tr\/index.php?rest_route=\/wp\/v2\/users\/3"}],"replies":[{"embeddable":true,"href":"https:\/\/etkiinsaat.com.tr\/index.php?rest_route=%2Fwp%2Fv2%2Fcomments&post=16481"}],"version-history":[{"count":4,"href":"https:\/\/etkiinsaat.com.tr\/index.php?rest_route=\/wp\/v2\/pages\/16481\/revisions"}],"predecessor-version":[{"id":16487,"href":"https:\/\/etkiinsaat.com.tr\/index.php?rest_route=\/wp\/v2\/pages\/16481\/revisions\/16487"}],"wp:attachment":[{"href":"https:\/\/etkiinsaat.com.tr\/index.php?rest_route=%2Fwp%2Fv2%2Fmedia&parent=16481"}],"curies":[{"name":"wp","href":"https:\/\/api.w.org\/{rel}","templated":true}]}}